{"id":45627,"date":"2025-11-06T14:47:55","date_gmt":"2025-11-06T17:47:55","guid":{"rendered":"https:\/\/viagemalemanha.com\/tour-valle-del-rin-y-mosela\/"},"modified":"2026-02-04T01:02:21","modified_gmt":"2026-02-04T04:02:21","slug":"tour-valle-del-rin-y-mosela","status":"publish","type":"page","link":"https:\/\/viagemalemanha.com\/es\/tour-valle-del-rin-y-mosela\/","title":{"rendered":"Tour valle del Rin y Mosela"},"content":{"rendered":"\n<div class=\"gb-element-c5464113\">\n<div class=\"gb-element-77beedb6\">\n<figure class=\"wp-block-gallery has-nested-images columns-default is-cropped wp-block-gallery-1 is-layout-flex wp-block-gallery-is-layout-flex\">\n<figure class=\"wp-block-image size-large\"><img decoding=\"async\" width=\"1024\" height=\"576\" data-id=\"5962\" src=\"https:\/\/viagemalemanha.com\/wp-content\/uploads\/2025\/04\/Passeio-guiado-pelo-Reno-na-Alemanha-1024x576.jpg\" alt=\"\" class=\"wp-image-5962\" srcset=\"https:\/\/viagemalemanha.com\/wp-content\/uploads\/2025\/04\/Passeio-guiado-pelo-Reno-na-Alemanha-1024x576.jpg 1024w, https:\/\/viagemalemanha.com\/wp-content\/uploads\/2025\/04\/Passeio-guiado-pelo-Reno-na-Alemanha-300x169.jpg 300w, https:\/\/viagemalemanha.com\/wp-content\/uploads\/2025\/04\/Passeio-guiado-pelo-Reno-na-Alemanha-768x432.jpg 768w, https:\/\/viagemalemanha.com\/wp-content\/uploads\/2025\/04\/Passeio-guiado-pelo-Reno-na-Alemanha-1536x864.jpg 1536w, https:\/\/viagemalemanha.com\/wp-content\/uploads\/2025\/04\/Passeio-guiado-pelo-Reno-na-Alemanha.jpg 1581w\" sizes=\"(max-width: 1024px) 100vw, 1024px\" \/><\/figure>\n\n\n\n<figure class=\"wp-block-image size-large\"><img decoding=\"async\" width=\"1024\" height=\"682\" data-id=\"10112\" src=\"https:\/\/viagemalemanha.com\/wp-content\/uploads\/2019\/11\/Fotolia_180342173_Reno_Rudesheim_M-1024x682.jpg\" alt=\"\" class=\"wp-image-10112\" srcset=\"https:\/\/viagemalemanha.com\/wp-content\/uploads\/2019\/11\/Fotolia_180342173_Reno_Rudesheim_M-1024x682.jpg 1024w, https:\/\/viagemalemanha.com\/wp-content\/uploads\/2019\/11\/Fotolia_180342173_Reno_Rudesheim_M-300x200.jpg 300w, https:\/\/viagemalemanha.com\/wp-content\/uploads\/2019\/11\/Fotolia_180342173_Reno_Rudesheim_M-768x512.jpg 768w, https:\/\/viagemalemanha.com\/wp-content\/uploads\/2019\/11\/Fotolia_180342173_Reno_Rudesheim_M-1536x1024.jpg 1536w, https:\/\/viagemalemanha.com\/wp-content\/uploads\/2019\/11\/Fotolia_180342173_Reno_Rudesheim_M.jpg 1688w\" sizes=\"(max-width: 1024px) 100vw, 1024px\" \/><\/figure>\n\n\n\n<figure class=\"wp-block-image size-large\"><img decoding=\"async\" width=\"1024\" height=\"498\" data-id=\"5964\" src=\"https:\/\/viagemalemanha.com\/wp-content\/uploads\/2025\/04\/Vinhos-em-um-tour-guiado-pelo-Reno-na-Alemanha-1024x498.jpg\" alt=\"\" class=\"wp-image-5964\" srcset=\"https:\/\/viagemalemanha.com\/wp-content\/uploads\/2025\/04\/Vinhos-em-um-tour-guiado-pelo-Reno-na-Alemanha-1024x498.jpg 1024w, https:\/\/viagemalemanha.com\/wp-content\/uploads\/2025\/04\/Vinhos-em-um-tour-guiado-pelo-Reno-na-Alemanha-300x146.jpg 300w, https:\/\/viagemalemanha.com\/wp-content\/uploads\/2025\/04\/Vinhos-em-um-tour-guiado-pelo-Reno-na-Alemanha-768x373.jpg 768w, https:\/\/viagemalemanha.com\/wp-content\/uploads\/2025\/04\/Vinhos-em-um-tour-guiado-pelo-Reno-na-Alemanha-1536x747.jpg 1536w, https:\/\/viagemalemanha.com\/wp-content\/uploads\/2025\/04\/Vinhos-em-um-tour-guiado-pelo-Reno-na-Alemanha.jpg 1829w\" sizes=\"(max-width: 1024px) 100vw, 1024px\" \/><\/figure>\n\n\n\n<figure class=\"wp-block-image size-large\"><img decoding=\"async\" width=\"1024\" height=\"534\" data-id=\"10230\" src=\"https:\/\/viagemalemanha.com\/wp-content\/uploads\/2025\/11\/Visitando-os-vilarejos-da-Alemanha-com-guia-em-portugues-1024x534.jpg\" alt=\"\" class=\"wp-image-10230\" srcset=\"https:\/\/viagemalemanha.com\/wp-content\/uploads\/2025\/11\/Visitando-os-vilarejos-da-Alemanha-com-guia-em-portugues-1024x534.jpg 1024w, https:\/\/viagemalemanha.com\/wp-content\/uploads\/2025\/11\/Visitando-os-vilarejos-da-Alemanha-com-guia-em-portugues-300x156.jpg 300w, https:\/\/viagemalemanha.com\/wp-content\/uploads\/2025\/11\/Visitando-os-vilarejos-da-Alemanha-com-guia-em-portugues-768x400.jpg 768w, https:\/\/viagemalemanha.com\/wp-content\/uploads\/2025\/11\/Visitando-os-vilarejos-da-Alemanha-com-guia-em-portugues-1536x800.jpg 1536w, https:\/\/viagemalemanha.com\/wp-content\/uploads\/2025\/11\/Visitando-os-vilarejos-da-Alemanha-com-guia-em-portugues.jpg 1706w\" sizes=\"(max-width: 1024px) 100vw, 1024px\" \/><figcaption class=\"wp-element-caption\"> Los jardines de Bacharach, en el valle del Rin <\/figcaption><\/figure>\n<\/figure>\n\n\n\n<p>La regi\u00f3n de los valles de los r\u00edos Rin y Mosela solo puede definirse como m\u00e1gica. Ninguna otra regi\u00f3n de Alemania cuenta con tantos castillos y palacios tan bien preservados y tan pr\u00f3ximos unos a otros. Adem\u00e1s, los valles de estos r\u00edos est\u00e1n repletos de pintorescas ciudades, muchas veces datadas del per\u00edodo romano y de muchas vin\u00edcolas tan antiguas como.  <\/p>\n\n\n\n<blockquote class=\"wp-block-quote is-layout-flow wp-block-quote-is-layout-flow\">\n<p><strong>Valles con vi\u00f1edos salpicados por castillos medievales y anti<\/strong><strong>guas ciudades romanas: el valle del Rin es \u00fanico y m\u00e1gico.<\/strong><\/p>\n<\/blockquote>\n\n\n\n<figure class=\"wp-block-image aligncenter size-full wp-image-328 size-large\"><img decoding=\"async\" width=\"1024\" height=\"683\" src=\"https:\/\/viagemalemanha.com\/wp-content\/uploads\/2025\/11\/IMG_3145-3-1024x683-1.jpg\" alt=\"\" class=\"wp-image-10231\" srcset=\"https:\/\/viagemalemanha.com\/wp-content\/uploads\/2025\/11\/IMG_3145-3-1024x683-1.jpg 1024w, https:\/\/viagemalemanha.com\/wp-content\/uploads\/2025\/11\/IMG_3145-3-1024x683-1-300x200.jpg 300w, https:\/\/viagemalemanha.com\/wp-content\/uploads\/2025\/11\/IMG_3145-3-1024x683-1-768x512.jpg 768w\" sizes=\"(max-width: 1024px) 100vw, 1024px\" \/><figcaption class=\"wp-element-caption\">Uno de los muchos castillos visitados en la regi\u00f3n: Eltz<\/figcaption><\/figure>\n\n\n\n<p>A pesar de ser muy pr\u00f3ximos y tener su confluencia en el llamado Deutsches Eck ( \u00abla esquina alemana\u00bb ), los r\u00edos Rin y Mosela poseen sus propias caracter\u00edsticas hist\u00f3ricas, culturales y geogr\u00e1ficas.<\/p>\n\n\n\n<p>El Rin, con sus muchas curvas sinuosas y corriente m\u00e1s r\u00e1pida, a\u00fan hoy sirve como importante v\u00eda fluvial. En sus valles m\u00e1s anchos es posible apreciar los diversos castillos y antiguas ciudades que se mezclan con el verde de las colinas. <\/p>\n\n\n\n<p>Ya el r\u00edo Mosela es m\u00e1s tranquilo y posee menos curvas; es un r\u00edo de ocio en el cual es posible pasear en barco privado con mayor tranquilidad. Posee tambi\u00e9n menos castillos, pero, cr\u00e9ame, los que poseen son de quitar el aliento, con especial atenci\u00f3n al castillo de Eltz. Sus ciudades, que se esparcen a mayor distancia por sus m\u00e1rgenes, son tambi\u00e9n, sin duda, un punto de parada importante.  <\/p>\n\n\n\n<blockquote class=\"wp-block-quote is-layout-flow wp-block-quote-is-layout-flow\">\n<p>La regi\u00f3n ya es un gran centro tur\u00edstico para los alemanes, pero a\u00fan es relativamente desconocida fuera de Alemania<\/p>\n<\/blockquote>\n\n\n\n<figure class=\"wp-block-image aligncenter size-full\"><img decoding=\"async\" width=\"849\" height=\"566\" src=\"https:\/\/viagemalemanha.com\/wp-content\/uploads\/2025\/11\/Fotolia_136466520_S.jpg\" alt=\"\" class=\"wp-image-10232\" srcset=\"https:\/\/viagemalemanha.com\/wp-content\/uploads\/2025\/11\/Fotolia_136466520_S.jpg 849w, https:\/\/viagemalemanha.com\/wp-content\/uploads\/2025\/11\/Fotolia_136466520_S-300x200.jpg 300w, https:\/\/viagemalemanha.com\/wp-content\/uploads\/2025\/11\/Fotolia_136466520_S-768x512.jpg 768w\" sizes=\"(max-width: 849px) 100vw, 849px\" \/><figcaption class=\"wp-element-caption\"> La vista del r\u00edo Rin desde R\u00fcdesheim<\/figcaption><\/figure>\n\n\n\n<h2 class=\"wp-block-heading\">Nuestros paseos por los valles del Rin y Mosela<\/h2>\n\n\n\n<p>El mejor itinerario por la regi\u00f3n de los valles del Rin y Mosela se dise\u00f1ar\u00e1 de acuerdo con sus gustos, ya que la regi\u00f3n tiene un n\u00famero inmenso de atracciones y lugares para visitar.<\/p>\n\n\n\n<p>Los itinerarios pueden flexibilizarse en caso de imprevistos, como cambio en el tiempo.<\/p>\n\n\n\n<p>Desde el transporte, a paseos guiados y eventos especiales como degustaci\u00f3n de vinos en castillos o visita a las antiguas murallas romanas, todo es posible. Entre el total acompa\u00f1amiento durante su experiencia y solamente un leve soporte con servicios puntuales, el abanico es amplio. <\/p>\n\n\n\n<p><a href=\"https:\/\/viagemalemanha.com\/es\/nuestros-servicios\/\" target=\"_blank\" rel=\"noopener\">Vea c\u00f3mo funcionan nuestros paseos<\/a><\/p>\n\n\n\n<p>Experiencias en los valles del Rin y del Mosela en Alemania:<\/p>\n\n\n\n<ul class=\"wp-block-list\">\n<li>Paseos guiados privados en espa\u00f1ol<\/li>\n\n\n\n<li><a href=\"https:\/\/viagemalemanha.com\/es\/servicios\/consultoria-de-viajes\/\">Dise\u00f1o y organizaci\u00f3n de itinerarios<\/a><\/li>\n\n\n\n<li>Acompa\u00f1amiento <\/li>\n\n\n\n<li>Paseos en barco<\/li>\n\n\n\n<li>Eventos y experiencias locales<\/li>\n\n\n\n<li>Traslados<\/li>\n\n\n\n<li>Paseos en bicicleta<\/li>\n<\/ul>\n\n\n\n<figure class=\"wp-block-image aligncenter size-large\"><img decoding=\"async\" width=\"1024\" height=\"683\" src=\"https:\/\/viagemalemanha.com\/wp-content\/uploads\/2025\/11\/Viagem-Alemanha-Reno-1024x683.jpg\" alt=\"\" class=\"wp-image-10233\" srcset=\"https:\/\/viagemalemanha.com\/wp-content\/uploads\/2025\/11\/Viagem-Alemanha-Reno-1024x683.jpg 1024w, https:\/\/viagemalemanha.com\/wp-content\/uploads\/2025\/11\/Viagem-Alemanha-Reno-300x200.jpg 300w, https:\/\/viagemalemanha.com\/wp-content\/uploads\/2025\/11\/Viagem-Alemanha-Reno-768x512.jpg 768w, https:\/\/viagemalemanha.com\/wp-content\/uploads\/2025\/11\/Viagem-Alemanha-Reno-1536x1024.jpg 1536w, https:\/\/viagemalemanha.com\/wp-content\/uploads\/2025\/11\/Viagem-Alemanha-Reno-2048x1366.jpg 2048w\" sizes=\"(max-width: 1024px) 100vw, 1024px\" \/><\/figure>\n\n\n\n<p><\/p>\n\n\n\n<h3 class=\"wp-block-heading\">Un ejemplo de un paseo de 7 d\u00edas por el Rin con acompa\u00f1amiento en espa\u00f1ol<\/h3>\n\n\n\n<p><span style=\"font-weight: 400\"><strong>D\u00eda 1<\/strong> &#8211; Llegada a Fr\u00e1ncfort (<\/span><span style=\"font-weight: 400\">posible adaptar para llegada en otras ciudades)<\/span><\/p>\n\n\n\n<ul class=\"wp-block-list\">\n<li>En caso de que la llegada ocurra por la ma\u00f1ana, paseo guiado por la ciudad por la tarde.<\/li>\n<\/ul>\n\n\n\n<p><span style=\"font-weight: 400\"><strong>D\u00eda 2 <\/strong>&#8211; Traslado y llegada a Coblenza (Barco o traslado en veh\u00edculo privado)<\/span><\/p>\n\n\n\n<ul class=\"wp-block-list\">\n<li><span style=\"font-weight: 400\"> Paseo en Coblenza y visita a la Fortaleza de Ehrenbreitstein<\/span><\/li>\n\n\n\n<li><strong>Opci\u00f3n de hospedaje en castillos de la regi\u00f3n<\/strong><\/li>\n<\/ul>\n\n\n\n<p><span style=\"font-weight: 400\"><strong>D\u00eda 3<\/strong> &#8211; Visita al castillo de Eltz, con paseo en barco por el r\u00edo Mosela<\/span><\/p>\n\n\n\n<ul class=\"wp-block-list\">\n<li><span style=\"font-weight: 400\">Paseo por <\/span><span style=\"font-weight: 400\">Cochem<\/span><\/li>\n\n\n\n<li><span style=\"font-weight: 400\">Regreso a Coblenza en traslado privado o barco<\/span><\/li>\n\n\n\n<li><span style=\"font-weight: 400\">Vino y cena en bodega local al final del d\u00eda<\/span><\/li>\n<\/ul>\n\n\n\n<p><span style=\"font-weight: 400\"><strong>D\u00eda 4<\/strong> &#8211; Visita al castillo Marksburg con paseo en barco por el r\u00edo Rin<\/span><\/p>\n\n\n\n<ul class=\"wp-block-list\">\n<li>Paseo guiado por el castillo de Stolzenfels<\/li>\n\n\n\n<li>Visita al monumento K\u00f6nigstuhl<\/li>\n<\/ul>\n\n\n\n<p><strong>D\u00eda 5<\/strong> &#8211; Visita al castillo Rheinfels con almuerzo en el castillo<\/p>\n\n\n\n<ul class=\"wp-block-list\">\n<li>Hospedaje en hotel en la regi\u00f3n<\/li>\n\n\n\n<li>Cata de vinos<\/li>\n<\/ul>\n\n\n\n<p><span style=\"font-weight: 400\"><strong>D\u00eda 6<\/strong> &#8211; Visita al castillo de Reichenstein con almuerzo en R\u00fcdesheim<\/span><\/p>\n\n\n\n<ul class=\"wp-block-list\">\n<li><span style=\"font-weight: 400\">Visita al monumento Niederwalddenkmal, en R\u00fcdesheim <\/span><\/li>\n<\/ul>\n\n\n\n<p><span style=\"font-weight: 400\"><strong>D\u00eda 7<\/strong> &#8211; Traslado de regreso a Fr\u00e1ncfort<\/span><\/p>\n\n\n\n<figure class=\"wp-block-image aligncenter size-large\"><img decoding=\"async\" width=\"1024\" height=\"576\" src=\"https:\/\/viagemalemanha.com\/wp-content\/uploads\/2025\/04\/niederwalddenkmal_viagem_alemanha_reno-1024x576.jpg\" alt=\"\" class=\"wp-image-5963\" srcset=\"https:\/\/viagemalemanha.com\/wp-content\/uploads\/2025\/04\/niederwalddenkmal_viagem_alemanha_reno-1024x576.jpg 1024w, https:\/\/viagemalemanha.com\/wp-content\/uploads\/2025\/04\/niederwalddenkmal_viagem_alemanha_reno-300x169.jpg 300w, https:\/\/viagemalemanha.com\/wp-content\/uploads\/2025\/04\/niederwalddenkmal_viagem_alemanha_reno-768x432.jpg 768w, https:\/\/viagemalemanha.com\/wp-content\/uploads\/2025\/04\/niederwalddenkmal_viagem_alemanha_reno-1536x864.jpg 1536w, https:\/\/viagemalemanha.com\/wp-content\/uploads\/2025\/04\/niederwalddenkmal_viagem_alemanha_reno-2048x1152.jpg 2048w\" sizes=\"(max-width: 1024px) 100vw, 1024px\" \/><\/figure>\n\n\n\n<p><\/p>\n\n\n\n<hr class=\"wp-block-separator has-alpha-channel-opacity\" \/>\n\n\n\n<h3 class=\"wp-block-heading\">Algunas de las atracciones de la regi\u00f3n del Rin y Mosela:<\/h3>\n\n\n\n<p>Castillos, castillos y muchos castillos. Esta regi\u00f3n est\u00e1 salpicada por castillos de belleza indescriptible; muchos de ellos, reformados a lo largo de los siglos, se presentan como monumentos a diversas eras arquitect\u00f3nicas. Otros fueron poco modificados y permanecen congelados en el tiempo, permiti\u00e9ndonos una ventana directa al pasado.<\/p>\n\n\n\n<h2 class=\"wp-block-heading\">Ciudades hist\u00f3ricas del Valle del Rin:<\/h2>\n\n\n\n<p>Las peque\u00f1as ciudades en esta regi\u00f3n poseen secretos, leyendas y cuentos que desde hace miles de a\u00f1os fascinan a aquellos que la visitan.<\/p>\n\n\n\n<p><strong>Boppard<\/strong>: uno de los mejores ejemplos de esa historia viva y fascinante. En una de las m\u00e1s bellas curvas del Rin, conocemos desde los restos de una fortaleza romana hasta el impacto de la Segunda Guerra Mundial en la regi\u00f3n.<\/p>\n\n\n\n<p><strong>Bacharach<\/strong>: con el castillo de Stahleck comandando la vista de la ciudad y sus murallas que la abrazan, no existe viajero que no se encante con Bacharach.<\/p>\n\n\n\n<p><strong>Coblenza (Koblenz)<\/strong>: la mayor ciudad del valle, antiguo centro de poder de la Orden Teut\u00f3nica en la regi\u00f3n, marcada por la confluencia de los r\u00edos Rin y Mosela.<\/p>\n\n\n\n<figure class=\"wp-block-image aligncenter size-large\"><img decoding=\"async\" width=\"1024\" height=\"682\" src=\"https:\/\/viagemalemanha.com\/wp-content\/uploads\/2025\/04\/Koblenz_viagem_alemanha-1024x682.jpg\" alt=\"\" class=\"wp-image-5959\" srcset=\"https:\/\/viagemalemanha.com\/wp-content\/uploads\/2025\/04\/Koblenz_viagem_alemanha-1024x682.jpg 1024w, https:\/\/viagemalemanha.com\/wp-content\/uploads\/2025\/04\/Koblenz_viagem_alemanha-300x200.jpg 300w, https:\/\/viagemalemanha.com\/wp-content\/uploads\/2025\/04\/Koblenz_viagem_alemanha-768x512.jpg 768w, https:\/\/viagemalemanha.com\/wp-content\/uploads\/2025\/04\/Koblenz_viagem_alemanha-1536x1024.jpg 1536w, https:\/\/viagemalemanha.com\/wp-content\/uploads\/2025\/04\/Koblenz_viagem_alemanha.jpg 1688w\" sizes=\"(max-width: 1024px) 100vw, 1024px\" \/><\/figure>\n\n\n\n<p><\/p>\n\n\n\n<p><b>R\u00fcdesheim am Rhein &#8211;<\/b> la ciudad m\u00e1s visitada de la regi\u00f3n con sus vi\u00f1edos, la tienda K\u00e4the Wohlfahrt de art\u00edculos navide\u00f1os y, por supuesto, el telef\u00e9rico y el monumento Niederwalddenkmal.<\/p>\n\n\n\n<figure class=\"wp-block-gallery has-nested-images columns-2 is-cropped wp-block-gallery-2 is-layout-flex wp-block-gallery-is-layout-flex\">\n<figure class=\"wp-block-image size-large\"><img decoding=\"async\" width=\"1024\" height=\"576\" data-id=\"10234\" src=\"https:\/\/viagemalemanha.com\/wp-content\/uploads\/2025\/11\/viagemalemanha_bacharach_reno-1024x576.jpg\" alt=\"\" class=\"wp-image-10234\" srcset=\"https:\/\/viagemalemanha.com\/wp-content\/uploads\/2025\/11\/viagemalemanha_bacharach_reno-1024x576.jpg 1024w, https:\/\/viagemalemanha.com\/wp-content\/uploads\/2025\/11\/viagemalemanha_bacharach_reno-300x169.jpg 300w, https:\/\/viagemalemanha.com\/wp-content\/uploads\/2025\/11\/viagemalemanha_bacharach_reno-768x432.jpg 768w, https:\/\/viagemalemanha.com\/wp-content\/uploads\/2025\/11\/viagemalemanha_bacharach_reno-1536x864.jpg 1536w, https:\/\/viagemalemanha.com\/wp-content\/uploads\/2025\/11\/viagemalemanha_bacharach_reno-2048x1152.jpg 2048w\" sizes=\"(max-width: 1024px) 100vw, 1024px\" \/><figcaption class=\"wp-element-caption\">Bacharach<\/figcaption><\/figure>\n\n\n\n<figure class=\"wp-block-image size-large\"><img decoding=\"async\" width=\"1024\" height=\"576\" data-id=\"10235\" src=\"https:\/\/viagemalemanha.com\/wp-content\/uploads\/2025\/11\/viagemalemanha_drosselgasse_rudesheim-1-1024x576.jpg\" alt=\"\" class=\"wp-image-10235\" srcset=\"https:\/\/viagemalemanha.com\/wp-content\/uploads\/2025\/11\/viagemalemanha_drosselgasse_rudesheim-1-1024x576.jpg 1024w, https:\/\/viagemalemanha.com\/wp-content\/uploads\/2025\/11\/viagemalemanha_drosselgasse_rudesheim-1-300x169.jpg 300w, https:\/\/viagemalemanha.com\/wp-content\/uploads\/2025\/11\/viagemalemanha_drosselgasse_rudesheim-1-768x432.jpg 768w, https:\/\/viagemalemanha.com\/wp-content\/uploads\/2025\/11\/viagemalemanha_drosselgasse_rudesheim-1-1536x864.jpg 1536w, https:\/\/viagemalemanha.com\/wp-content\/uploads\/2025\/11\/viagemalemanha_drosselgasse_rudesheim-1-2048x1152.jpg 2048w\" sizes=\"(max-width: 1024px) 100vw, 1024px\" \/><figcaption class=\"wp-element-caption\">R\u00fcdesheim<\/figcaption><\/figure>\n<\/figure>\n\n\n\n<blockquote class=\"wp-block-quote is-layout-flow wp-block-quote-is-layout-flow\">\n<h1 class=\"wp-block-heading firstHeading\" id=\"firstHeading\">\u00abEn nuestros paseos, vamos a conocer lo mejor de estas y otras ciudades y villas de la regi\u00f3n, aprovechando lo mejor sin filas y sin multitudes.\u00bb<\/h1>\n<\/blockquote>\n\n\n\n<p>____<\/p>\n\n\n\n<h2 class=\"wp-block-heading\">Vin\u00edcolas:<\/h2>\n\n\n\n<p>La regi\u00f3n es uno de los grandes centros productores de vino, en especial el Riesling. La actividad viticultora ya est\u00e1 presente en la regi\u00f3n desde el per\u00edodo Romano. <\/p>\n\n\n\n<p>Bellezas naturales: los valles de los r\u00edos Mosela y Rin poseen gran belleza natural, siendo en buena parte protegidos con reservas y parques.<\/p>\n\n\n\n<p>Actividades y eventos: durante su estad\u00eda, podemos organizar diversos eventos para crear un viaje a\u00fan m\u00e1s inolvidable.<\/p>\n\n\n\n<p>Algunos ejemplos:<\/p>\n\n\n\n<ul class=\"wp-block-list\">\n<li>Cena en barco en el Rin<\/li>\n\n\n\n<li>Visitas privadas a vin\u00edcolas y degustaci\u00f3n de vinos en castillos<\/li>\n\n\n\n<li>Paseos exclusivos guiados en los <a href=\"https:\/\/viagemalemanha.com\/castelos-e-palacios-alemanha\/\">castillos<\/a><\/li>\n\n\n\n<li>Estancia en castillos de la regi\u00f3n<\/li>\n\n\n\n<li>Espect\u00e1culos y festivales medievales<\/li>\n<\/ul>\n\n\n\n<figure class=\"wp-block-image aligncenter size-full\"><img decoding=\"async\" width=\"1024\" height=\"683\" src=\"https:\/\/viagemalemanha.com\/wp-content\/uploads\/2025\/04\/Entrada-do-castelo-de-Schonburg-1024x683-1024x683-1.jpg\" alt=\"\" class=\"wp-image-5965\" srcset=\"https:\/\/viagemalemanha.com\/wp-content\/uploads\/2025\/04\/Entrada-do-castelo-de-Schonburg-1024x683-1024x683-1.jpg 1024w, https:\/\/viagemalemanha.com\/wp-content\/uploads\/2025\/04\/Entrada-do-castelo-de-Schonburg-1024x683-1024x683-1-300x200.jpg 300w, https:\/\/viagemalemanha.com\/wp-content\/uploads\/2025\/04\/Entrada-do-castelo-de-Schonburg-1024x683-1024x683-1-768x512.jpg 768w\" sizes=\"(max-width: 1024px) 100vw, 1024px\" \/><\/figure>\n\n\n\n<p><\/p>\n\n\n\n<h5 class=\"wp-block-heading\"><em>P\u00f3ngase en contacto a trav\u00e9s de nuestro correo electr\u00f3nico: viagem@viagemalemanha.com<\/em><\/h5>\n\n\n\n<figure class=\"wp-block-gallery has-nested-images columns-2 is-cropped wp-block-gallery-3 is-layout-flex wp-block-gallery-is-layout-flex\">\n<figure class=\"wp-block-image size-large\"><img decoding=\"async\" width=\"1024\" height=\"498\" data-id=\"10236\" src=\"https:\/\/viagemalemanha.com\/wp-content\/uploads\/2025\/11\/Viagem-por-castelos-da-Alemanha-1024x498.jpg\" alt=\"\" class=\"wp-image-10236\" srcset=\"https:\/\/viagemalemanha.com\/wp-content\/uploads\/2025\/11\/Viagem-por-castelos-da-Alemanha-1024x498.jpg 1024w, https:\/\/viagemalemanha.com\/wp-content\/uploads\/2025\/11\/Viagem-por-castelos-da-Alemanha-300x146.jpg 300w, https:\/\/viagemalemanha.com\/wp-content\/uploads\/2025\/11\/Viagem-por-castelos-da-Alemanha-768x373.jpg 768w, https:\/\/viagemalemanha.com\/wp-content\/uploads\/2025\/11\/Viagem-por-castelos-da-Alemanha-1536x747.jpg 1536w, https:\/\/viagemalemanha.com\/wp-content\/uploads\/2025\/11\/Viagem-por-castelos-da-Alemanha.jpg 1829w\" sizes=\"(max-width: 1024px) 100vw, 1024px\" \/><\/figure>\n\n\n\n<figure class=\"wp-block-image size-large\"><img decoding=\"async\" width=\"1024\" height=\"468\" data-id=\"7347\" src=\"https:\/\/viagemalemanha.com\/wp-content\/uploads\/2025\/05\/Ruinas-do-Castelo-de-Castelo-de-Heidelberg-na-Alemanha-1024x468.jpg\" alt=\"\" class=\"wp-image-7347\" srcset=\"https:\/\/viagemalemanha.com\/wp-content\/uploads\/2025\/05\/Ruinas-do-Castelo-de-Castelo-de-Heidelberg-na-Alemanha-1024x468.jpg 1024w, https:\/\/viagemalemanha.com\/wp-content\/uploads\/2025\/05\/Ruinas-do-Castelo-de-Castelo-de-Heidelberg-na-Alemanha-300x137.jpg 300w, https:\/\/viagemalemanha.com\/wp-content\/uploads\/2025\/05\/Ruinas-do-Castelo-de-Castelo-de-Heidelberg-na-Alemanha-768x351.jpg 768w, https:\/\/viagemalemanha.com\/wp-content\/uploads\/2025\/05\/Ruinas-do-Castelo-de-Castelo-de-Heidelberg-na-Alemanha-1536x702.jpg 1536w, https:\/\/viagemalemanha.com\/wp-content\/uploads\/2025\/05\/Ruinas-do-Castelo-de-Castelo-de-Heidelberg-na-Alemanha-2048x936.jpg 2048w\" sizes=\"(max-width: 1024px) 100vw, 1024px\" \/><\/figure>\n\n\n\n<figure class=\"wp-block-image size-large\"><img decoding=\"async\" width=\"1024\" height=\"1024\" data-id=\"8030\" src=\"https:\/\/viagemalemanha.com\/wp-content\/uploads\/2025\/05\/Eltz-burg-1024x1024.png\" alt=\"Castillo de Eltz. Burg Eltz en Alemania. Gu\u00eda en espa\u00f1ol en Alemania. Turismo en Alemania\" class=\"wp-image-8030\" srcset=\"https:\/\/viagemalemanha.com\/wp-content\/uploads\/2025\/05\/Eltz-burg-1024x1024.png 1024w, https:\/\/viagemalemanha.com\/wp-content\/uploads\/2025\/05\/Eltz-burg-300x300.png 300w, https:\/\/viagemalemanha.com\/wp-content\/uploads\/2025\/05\/Eltz-burg-150x150.png 150w, https:\/\/viagemalemanha.com\/wp-content\/uploads\/2025\/05\/Eltz-burg-768x768.png 768w, https:\/\/viagemalemanha.com\/wp-content\/uploads\/2025\/05\/Eltz-burg.png 1080w\" sizes=\"(max-width: 1024px) 100vw, 1024px\" \/><figcaption class=\"wp-element-caption\">Castillo de Eltz. Burg Eltz en Alemania. Gu\u00eda en espa\u00f1ol en Alemania.<\/figcaption><\/figure>\n<\/figure>\n\n\n\n<p><\/p>\n<\/div>\n<\/div>\n\n\n\n<p><\/p>\n","protected":false},"excerpt":{"rendered":"<p>La regi\u00f3n de los valles de los r\u00edos Rin y Mosela solo puede definirse como m\u00e1gica. Ninguna otra regi\u00f3n de Alemania cuenta con tantos castillos y palacios tan bien preservados y tan pr\u00f3ximos unos a otros. Adem\u00e1s, los valles de estos r\u00edos est\u00e1n repletos de pintorescas ciudades, muchas veces datadas del per\u00edodo romano y de [&hellip;]<\/p>\n","protected":false},"author":1,"featured_media":0,"parent":0,"menu_order":0,"comment_status":"closed","ping_status":"closed","template":"","meta":{"_acf_changed":false,"tripadvisor_id":"","rating":0,"reviewer_name":"","review_date":"","trip_type":"","helpful_votes":0,"source_url":"","reviewer_gravatar":"","review_type":"","footnotes":""},"class_list":["post-45627","page","type-page","status-publish","hentry"],"acf":[],"_links":{"self":[{"href":"https:\/\/viagemalemanha.com\/es\/wp-json\/wp\/v2\/pages\/45627","targetHints":{"allow":["GET"]}}],"collection":[{"href":"https:\/\/viagemalemanha.com\/es\/wp-json\/wp\/v2\/pages"}],"about":[{"href":"https:\/\/viagemalemanha.com\/es\/wp-json\/wp\/v2\/types\/page"}],"author":[{"embeddable":true,"href":"https:\/\/viagemalemanha.com\/es\/wp-json\/wp\/v2\/users\/1"}],"replies":[{"embeddable":true,"href":"https:\/\/viagemalemanha.com\/es\/wp-json\/wp\/v2\/comments?post=45627"}],"version-history":[{"count":8,"href":"https:\/\/viagemalemanha.com\/es\/wp-json\/wp\/v2\/pages\/45627\/revisions"}],"predecessor-version":[{"id":70518,"href":"https:\/\/viagemalemanha.com\/es\/wp-json\/wp\/v2\/pages\/45627\/revisions\/70518"}],"wp:attachment":[{"href":"https:\/\/viagemalemanha.com\/es\/wp-json\/wp\/v2\/media?parent=45627"}],"curies":[{"name":"wp","href":"https:\/\/api.w.org\/{rel}","templated":true}]}}