{"id":53803,"date":"2025-11-06T14:05:11","date_gmt":"2025-11-06T17:05:11","guid":{"rendered":"https:\/\/viagemalemanha.com\/ruta-de-los-cuentos-de-hadas\/"},"modified":"2026-02-01T15:59:08","modified_gmt":"2026-02-01T18:59:08","slug":"ruta-de-los-cuentos-de-hadas","status":"publish","type":"page","link":"https:\/\/viagemalemanha.com\/es\/ruta-de-los-cuentos-de-hadas\/","title":{"rendered":"Ruta de los cuentos de hadas"},"content":{"rendered":"\n<div class=\"gb-element-c5464113\">\n<div class=\"gb-element-77beedb6\">\n<h2 class=\"wp-block-heading\">\u00c9rase una vez en Alemania&#8230; \u00a1Una ruta por la Alemania de los cuentos de hadas! <\/h2>\n\n\n\n<figure class=\"wp-block-image aligncenter size-large wp-image-640\"><img decoding=\"async\" width=\"1024\" height=\"1024\" src=\"https:\/\/viagemalemanha.com\/wp-content\/uploads\/2025\/11\/IMG_20180217_235650_5301-1024x1024.jpg\" alt=\"\" class=\"wp-image-10216\" srcset=\"https:\/\/viagemalemanha.com\/wp-content\/uploads\/2025\/11\/IMG_20180217_235650_5301-1024x1024.jpg 1024w, https:\/\/viagemalemanha.com\/wp-content\/uploads\/2025\/11\/IMG_20180217_235650_5301-300x300.jpg 300w, https:\/\/viagemalemanha.com\/wp-content\/uploads\/2025\/11\/IMG_20180217_235650_5301-150x150.jpg 150w, https:\/\/viagemalemanha.com\/wp-content\/uploads\/2025\/11\/IMG_20180217_235650_5301-768x768.jpg 768w, https:\/\/viagemalemanha.com\/wp-content\/uploads\/2025\/11\/IMG_20180217_235650_5301.jpg 1080w\" sizes=\"(max-width: 1024px) 100vw, 1024px\" \/><figcaption class=\"wp-element-caption\">El Flautista de Hamel\u00edn, en la ciudad de Hamel\u00edn<\/figcaption><\/figure>\n\n\n\n<p>Bueno, no era: \u00a1a\u00fan lo es! La ruta de los cuentos de hadas en Alemania es una de las m\u00e1s hermosas y fascinantes del pa\u00eds y me atrevo a decir, de Europa. Comenzando en Buxtehude, una hermosa ciudad hanse\u00e1tica (donde tuvimos nuestra primera oficina), ubicada cerca de Hamburgo y terminando en Hanau, cerca de Frankfurt, la ruta sigue el camino de las ciudades que inspiraron los cuentos de hadas de Alemania.  <\/p>\n\n\n\n<p>Muchos no lo saben, pero los cuentos de hadas como Cenicienta, Caperucita Roja y Rapunzel son en realidad antiguas leyendas y cuentos alemanes, creados o reescritos por los hermanos Grimm en el siglo XIX<em>.<\/em> <\/p>\n\n\n\n<p>En esta ruta, podr\u00e1 conocer los lugares donde se originaron estos cuentos y, en el camino, maravillarse con la m\u00e1gica arquitectura e historia de esta magn\u00edfica ruta.<\/p>\n\n\n\n<p>Organizamos viajes completos por la ruta o simplemente aprovechando peque\u00f1os tramos de acuerdo con el tiempo y las opciones del viajero.<\/p>\n\n\n\n<figure class=\"wp-block-image aligncenter size-large wp-image-641\"><img decoding=\"async\" width=\"1024\" height=\"576\" src=\"https:\/\/viagemalemanha.com\/wp-content\/uploads\/2025\/11\/20171216_1638161-1024x576.jpg\" alt=\"\" class=\"wp-image-10215\" srcset=\"https:\/\/viagemalemanha.com\/wp-content\/uploads\/2025\/11\/20171216_1638161-1024x576.jpg 1024w, https:\/\/viagemalemanha.com\/wp-content\/uploads\/2025\/11\/20171216_1638161-300x169.jpg 300w, https:\/\/viagemalemanha.com\/wp-content\/uploads\/2025\/11\/20171216_1638161-768x432.jpg 768w, https:\/\/viagemalemanha.com\/wp-content\/uploads\/2025\/11\/20171216_1638161-1536x864.jpg 1536w, https:\/\/viagemalemanha.com\/wp-content\/uploads\/2025\/11\/20171216_1638161-2048x1152.jpg 2048w\" sizes=\"(max-width: 1024px) 100vw, 1024px\" \/><figcaption class=\"wp-element-caption\">Centro de la ciudad de Fritzlar<\/figcaption><\/figure>\n\n\n\n<h2 class=\"wp-block-heading\">Algunas de las ciudades visitadas en esta ruta por la Alemania de los cuentos de hadas<\/h2>\n\n\n\n<p><strong>Duraci\u00f3n:<\/strong> de 3 a 6 d\u00edas<\/p>\n\n\n\n<p><strong>Recomendado:<\/strong> 5 d\u00edas para conocer la mayor parte de la ruta con conductor y gu\u00eda privados.<\/p>\n\n\n\n<p><strong>Aeropuertos de llegada:<\/strong> Hamburgo o Frankfurt<\/p>\n\n\n\n<p>De acuerdo con su inter\u00e9s y tiempo disponible, vamos a montar el itinerario adecuado para conocer lo mejor de esta ruta m\u00e1gica.<\/p>\n\n\n\n<figure class=\"wp-block-image aligncenter size-full wp-image-548\"><img decoding=\"async\" width=\"420\" height=\"286\" src=\"https:\/\/viagemalemanha.com\/wp-content\/uploads\/2025\/11\/Fotolia_80673515_XS_Rapunzel_Trendelburg.jpg\" alt=\"\" class=\"wp-image-10217\" srcset=\"https:\/\/viagemalemanha.com\/wp-content\/uploads\/2025\/11\/Fotolia_80673515_XS_Rapunzel_Trendelburg.jpg 420w, https:\/\/viagemalemanha.com\/wp-content\/uploads\/2025\/11\/Fotolia_80673515_XS_Rapunzel_Trendelburg-300x204.jpg 300w\" sizes=\"(max-width: 420px) 100vw, 420px\" \/><figcaption class=\"wp-element-caption\">Rapunzel y sus trenzas en Trendelburg. @ J\u00f6rg Lantelme\/Fotolia <\/figcaption><\/figure>\n\n\n\n<h3 class=\"wp-block-heading\">Algunas ciudades visitadas por nuestro tour:<\/h3>\n\n\n\n<p><strong>Buxte<\/strong><strong>hude &#8211; <\/strong><strong>Bremen &#8211; <\/strong><strong>Eberg\u00f6tzen &#8211; <\/strong><strong>Hameln &#8211; <\/strong><strong>Hanau &#8211; <\/strong><strong>Hofgeismar &#8211; <\/strong><strong>Kassel &#8211;<\/strong><strong>Steinau &#8211; <\/strong><strong>Trendelburg &#8211; Marburg<\/strong><\/p>\n\n\n\n<p>Entre los cuentos de hadas explorados en esta incre\u00edble jornada est\u00e1n el Flautista de Hamel\u00edn, Caperucita Roja, la torre de la Bruja, la liebre y el erizo y otros cuentos de los hermanos Grimm, adem\u00e1s de muchos castillos y ciudades sacadas de cuentos de hadas.<\/p>\n\n\n\n<figure class=\"wp-block-image aligncenter size-full wp-image-547\"><img decoding=\"async\" width=\"423\" height=\"283\" src=\"https:\/\/viagemalemanha.com\/wp-content\/uploads\/2025\/04\/Fotolia_87508861_XS_Grimm_Hanau.jpg\" alt=\"\" class=\"wp-image-5909\" srcset=\"https:\/\/viagemalemanha.com\/wp-content\/uploads\/2025\/04\/Fotolia_87508861_XS_Grimm_Hanau.jpg 423w, https:\/\/viagemalemanha.com\/wp-content\/uploads\/2025\/04\/Fotolia_87508861_XS_Grimm_Hanau-300x201.jpg 300w\" sizes=\"(max-width: 423px) 100vw, 423px\" \/><figcaption class=\"wp-element-caption\">Memorial a los hermanos Grimm (@ Veli \u00d6zenc\/ Fotolia)<\/figcaption><\/figure>\n\n\n\n<p>Ellos planearon el viaje y vivieron felices para siempre&#8230;<\/p>\n\n\n\n<p>Queden con el maravilloso v\u00eddeo de la Deutsche M\u00e4rchenstrasse.<\/p>\n\n\n\n<figure class=\"wp-block-embed is-type-rich is-provider-incorporar-manipulador wp-block-embed-incorporar-manipulador\"><div class=\"wp-block-embed__wrapper\">\nhttps:\/\/youtube.com\/watch?v=ZIFqsI16Wr8%3Fstart%3D35\n<\/div><\/figure>\n\n\n\n<h3 class=\"wp-block-heading\">Vea lo que ya han dicho sobre la Ruta de los Cuentos de Hadas en la prensa<\/h3>\n\n\n\n<p>Reportaje en Estad\u00e3o:<a href=\"http:\/\/viagem.estadao.com.br\/noticias\/geral,diz-a-lenda-imp-,1061025\" target=\"_blank\" rel=\"noreferrer noopener\"> http:\/\/viagem.estadao.com.br\/noticias\/geral,diz-a-lenda-imp-,1061025 <\/a> <\/p>\n\n\n\n<p><blockquote class=\"wp-embedded-content\" data-secret=\"YrzURQS0k8\"><a href=\"https:\/\/www.contandodestinos.com\/2015\/09\/hameln-rota-dos-contos-de-fadas.html\" target=\"_blank\" rel=\"noopener\">Hameln &#8211; Rota dos Contos de Fadas<\/a><\/blockquote><iframe class=\"wp-embedded-content\" sandbox=\"allow-scripts\" security=\"restricted\" style=\"position: absolute; visibility: hidden;\" title=\"&#8220;Hameln &#8211; Rota dos Contos de Fadas&#8221; &#8212; Contando Destinos\" src=\"https:\/\/www.contandodestinos.com\/2015\/09\/hameln-rota-dos-contos-de-fadas.html\/embed#?secret=QXOARYyAwp#?secret=YrzURQS0k8\" data-secret=\"YrzURQS0k8\" width=\"500\" height=\"282\" frameborder=\"0\" marginwidth=\"0\" marginheight=\"0\" scrolling=\"no\"><\/iframe><\/p>\n\n\n\n<p><\/p>\n\n\n<div class=\"wpforms-container wpforms-container-full wpforms-container-save-resume wpforms-block wpforms-block-27f953d3-20d1-4b5b-8116-6195e4d91ab8 wpforms-render-modern\" id=\"wpforms-6675\"><form id=\"wpforms-form-6675\" class=\"wpforms-validate wpforms-form\" data-formid=\"6675\" method=\"post\" enctype=\"multipart\/form-data\" action=\"\/es\/wp-json\/wp\/v2\/pages\/53803\" data-token=\"e2ae725aa3fc24a449cd8736b982f5d5\" data-token-time=\"1777463799\"><noscript class=\"wpforms-error-noscript\">Por favor, activa JavaScript en tu navegador para completar este formulario.<\/noscript><div id=\"wpforms-error-noscript\" style=\"display: none;\">Por favor, activa JavaScript en tu navegador para completar este formulario.<\/div><div class=\"wpforms-field-container\"><div id=\"wpforms-6675-field_0-container\" class=\"wpforms-field wpforms-field-name\" data-field-type=\"name\" data-field-id=\"0\"><label class=\"wpforms-field-label\" for=\"wpforms-6675-field_0\">Nombre <span class=\"wpforms-required-label\" aria-hidden=\"true\">*<\/span><\/label><input type=\"text\" id=\"wpforms-6675-field_0\" class=\"wpforms-field-large wpforms-field-required\" name=\"wpforms[fields][0]\" aria-errormessage=\"wpforms-6675-field_0-error\" required><\/div><div id=\"wpforms-6675-field_1-container\" class=\"wpforms-field wpforms-field-email\" data-field-type=\"email\" data-field-id=\"1\"><label class=\"wpforms-field-label\" for=\"wpforms-6675-field_1\">Correo electr\u00f3nico <span class=\"wpforms-required-label\" aria-hidden=\"true\">*<\/span><\/label><input type=\"email\" id=\"wpforms-6675-field_1\" class=\"wpforms-field-large wpforms-field-required\" name=\"wpforms[fields][1]\" spellcheck=\"false\" aria-errormessage=\"wpforms-6675-field_1-error\" required><\/div><div id=\"wpforms-6675-field_23-container\" class=\"wpforms-field wpforms-field-phone\" data-field-type=\"phone\" data-field-id=\"23\"><label class=\"wpforms-field-label\" for=\"wpforms-6675-field_23\">Tel\u00e9fono con c\u00f3digo de \u00e1rea <span class=\"wpforms-required-label\" aria-hidden=\"true\">*<\/span><\/label><input type=\"tel\" id=\"wpforms-6675-field_23\" class=\"wpforms-field-medium wpforms-field-required\" data-rule-int-phone-field=\"true\" name=\"wpforms[fields][23]\" value=\"+55\" aria-label=\"Tel\u00e9fono con c\u00f3digo de \u00e1rea\" aria-errormessage=\"wpforms-6675-field_23-error\" required><\/div>\t\t<div id=\"wpforms-6675-field_3-container\"\n\t\t\tclass=\"wpforms-field wpforms-field-text\"\n\t\t\tdata-field-type=\"text\"\n\t\t\tdata-field-id=\"3\"\n\t\t\t>\n\t\t\t<label class=\"wpforms-field-label\" for=\"wpforms-6675-field_3\" >Entry usted euros)<\/label>\n\t\t\t<input type=\"text\" id=\"wpforms-6675-field_3\" class=\"wpforms-field-medium\" name=\"wpforms[fields][3]\" >\n\t\t<\/div>\n\t\t<div id=\"wpforms-6675-field_28-container\" class=\"wpforms-field wpforms-field-checkbox\" data-field-type=\"checkbox\" data-field-id=\"28\"><fieldset><legend class=\"wpforms-field-label\">\u00bfAd\u00f3nde quiere viajar?<\/legend><ul id=\"wpforms-6675-field_28\"><li class=\"choice-4 depth-1\"><input type=\"checkbox\" id=\"wpforms-6675-field_28_4\" name=\"wpforms[fields][28][]\" value=\"Alemania\" aria-errormessage=\"wpforms-6675-field_28_4-error\"  ><label class=\"wpforms-field-label-inline\" for=\"wpforms-6675-field_28_4\">Alemania<\/label><\/li><li class=\"choice-1 depth-1\"><input type=\"checkbox\" id=\"wpforms-6675-field_28_1\" name=\"wpforms[fields][28][]\" value=\"Austria\" aria-errormessage=\"wpforms-6675-field_28_1-error\"  ><label class=\"wpforms-field-label-inline\" for=\"wpforms-6675-field_28_1\">Austria<\/label><\/li><li class=\"choice-2 depth-1\"><input type=\"checkbox\" id=\"wpforms-6675-field_28_2\" name=\"wpforms[fields][28][]\" value=\"Suiza\" aria-errormessage=\"wpforms-6675-field_28_2-error\"  ><label class=\"wpforms-field-label-inline\" for=\"wpforms-6675-field_28_2\">Suiza<\/label><\/li><li class=\"choice-3 depth-1\"><input type=\"checkbox\" id=\"wpforms-6675-field_28_3\" name=\"wpforms[fields][28][]\" value=\"Norte de Italia\" aria-errormessage=\"wpforms-6675-field_28_3-error\"  ><label class=\"wpforms-field-label-inline\" for=\"wpforms-6675-field_28_3\">Norte de Italia<\/label><\/li><li class=\"choice-5 depth-1\"><input type=\"checkbox\" id=\"wpforms-6675-field_28_5\" name=\"wpforms[fields][28][]\" value=\"Otros\" aria-errormessage=\"wpforms-6675-field_28_5-error\"  ><label class=\"wpforms-field-label-inline\" for=\"wpforms-6675-field_28_5\">Otros<\/label><\/li><\/ul><\/fieldset><\/div><div id=\"wpforms-6675-field_13-container\" class=\"wpforms-field wpforms-field-checkbox wpforms-list-2-columns\" data-field-type=\"checkbox\" data-field-id=\"13\"><fieldset><legend class=\"wpforms-field-label\">\u00bfLes gustar\u00eda nuestra ayuda?<\/legend><ul id=\"wpforms-6675-field_13\"><li class=\"choice-2 depth-1\"><input type=\"checkbox\" id=\"wpforms-6675-field_13_2\" name=\"wpforms[fields][13][]\" value=\"Viaje completo (nos encargamos de todo)\" aria-errormessage=\"wpforms-6675-field_13_2-error\"  ><label class=\"wpforms-field-label-inline\" for=\"wpforms-6675-field_13_2\">Viaje completo (nos encargamos de todo)<\/label><\/li><li class=\"choice-3 depth-1\"><input type=\"checkbox\" id=\"wpforms-6675-field_13_3\" name=\"wpforms[fields][13][]\" value=\"Gu\u00edas locales en espa\u00f1ol\" aria-errormessage=\"wpforms-6675-field_13_3-error\"  ><label class=\"wpforms-field-label-inline\" for=\"wpforms-6675-field_13_3\">Gu\u00edas locales en espa\u00f1ol<\/label><\/li><li class=\"choice-4 depth-1\"><input type=\"checkbox\" id=\"wpforms-6675-field_13_4\" name=\"wpforms[fields][13][]\" value=\"Solo transporte\" aria-errormessage=\"wpforms-6675-field_13_4-error\"  ><label class=\"wpforms-field-label-inline\" for=\"wpforms-6675-field_13_4\">Solo transporte<\/label><\/li><li class=\"choice-1 depth-1\"><input type=\"checkbox\" id=\"wpforms-6675-field_13_1\" name=\"wpforms[fields][13][]\" value=\"Ruta personalizada\" aria-errormessage=\"wpforms-6675-field_13_1-error\"  ><label class=\"wpforms-field-label-inline\" for=\"wpforms-6675-field_13_1\">Ruta personalizada<\/label><\/li><\/ul><\/fieldset><\/div><div id=\"wpforms-6675-field_21-container\" class=\"wpforms-field wpforms-field-layout\" data-field-type=\"layout\" data-field-id=\"21\"><div class=\"wpforms-field-layout-rows wpforms-field-large\"><div class=\"wpforms-layout-row\"><div class=\"wpforms-layout-column wpforms-layout-column-50\"><div id=\"wpforms-6675-field_18-container\" class=\"wpforms-field wpforms-field-select wpforms-field-select-style-classic\" data-field-type=\"select\" data-field-id=\"18\"><label class=\"wpforms-field-label\" for=\"wpforms-6675-field_18\">N\u00famero de viajeros<\/label><select id=\"wpforms-6675-field_18\" class=\"wpforms-field-small\" name=\"wpforms[fields][18]\"><option value=\"1\"  class=\"choice-1 depth-1\"  >1<\/option><option value=\"2\"  class=\"choice-2 depth-1\"  >2<\/option><option value=\"3\"  class=\"choice-3 depth-1\"  >3<\/option><option value=\"4\"  class=\"choice-4 depth-1\"  >4<\/option><option value=\"5\"  class=\"choice-5 depth-1\"  >5<\/option><option value=\"6\"  class=\"choice-6 depth-1\"  >6<\/option><option value=\"7\"  class=\"choice-7 depth-1\"  >7<\/option><option value=\"8\"  class=\"choice-8 depth-1\"  >8<\/option><option value=\"9\"  class=\"choice-9 depth-1\"  >9<\/option><option value=\"10 o m\u00e1s\"  class=\"choice-10 depth-1\"  >10 o m\u00e1s<\/option><\/select><\/div><\/div><div class=\"wpforms-layout-column wpforms-layout-column-50\"><div id=\"wpforms-6675-field_20-container\" class=\"wpforms-field wpforms-field-checkbox\" data-field-type=\"checkbox\" data-field-id=\"20\"><fieldset><legend class=\"wpforms-field-label\">\u00bfC\u00f3mo lleg\u00f3 hasta aqu\u00ed?<\/legend><ul id=\"wpforms-6675-field_20\"><li class=\"choice-1 depth-1\"><input type=\"checkbox\" id=\"wpforms-6675-field_20_1\" name=\"wpforms[fields][20][]\" value=\"Google, Bing, Yahoo...\" aria-errormessage=\"wpforms-6675-field_20_1-error\"  ><label class=\"wpforms-field-label-inline\" for=\"wpforms-6675-field_20_1\">Google, Bing, Yahoo&#8230;<\/label><\/li><li class=\"choice-2 depth-1\"><input type=\"checkbox\" id=\"wpforms-6675-field_20_2\" name=\"wpforms[fields][20][]\" value=\"Instagram, Facebook\" aria-errormessage=\"wpforms-6675-field_20_2-error\"  ><label class=\"wpforms-field-label-inline\" for=\"wpforms-6675-field_20_2\">Instagram, Facebook<\/label><\/li><li class=\"choice-3 depth-1\"><input type=\"checkbox\" id=\"wpforms-6675-field_20_3\" name=\"wpforms[fields][20][]\" value=\"Otros\" aria-errormessage=\"wpforms-6675-field_20_3-error\"  ><label class=\"wpforms-field-label-inline\" for=\"wpforms-6675-field_20_3\">Otros<\/label><\/li><\/ul><\/fieldset><\/div><\/div><\/div><div class=\"wpforms-layout-row\"><div class=\"wpforms-layout-column wpforms-layout-column-50\"><div id=\"wpforms-6675-field_31-container\" class=\"wpforms-field wpforms-field-select wpforms-field-select-style-classic\" data-field-type=\"select\" data-field-id=\"31\"><label class=\"wpforms-field-label\" for=\"wpforms-6675-field_31\">Presupuesto estimado total para el viaje (en euros)<\/label><select id=\"wpforms-6675-field_31\" class=\"wpforms-field-medium\" name=\"wpforms[fields][31]\"><option value=\"Hasta 3.000 \u20ac\"  class=\"choice-1 depth-1\"  >Hasta 3.000 \u20ac<\/option><option value=\"3.001 \u20ac a 5.000 \u20ac\"  class=\"choice-2 depth-1\"  >3.001 \u20ac a 5.000 \u20ac<\/option><option value=\"5.001 \u20ac a 8.000 \u20ac\"  class=\"choice-3 depth-1\"  >5.001 \u20ac a 8.000 \u20ac<\/option><option value=\"8.001 \u20ac a 13.000 \u20ac\"  class=\"choice-4 depth-1\"  >8.001 \u20ac a 13.000 \u20ac<\/option><option value=\"13.001 \u20ac a 18.000 \u20ac\"  class=\"choice-5 depth-1\"  >13.001 \u20ac a 18.000 \u20ac<\/option><option value=\"18.001 \u20ac a 23.000 \u20ac\"  class=\"choice-6 depth-1\"  >18.001 \u20ac a 23.000 \u20ac<\/option><option value=\"23.001 \u20ac a 28.000 \u20ac\"  class=\"choice-7 depth-1\"  >23.001 \u20ac a 28.000 \u20ac<\/option><option value=\"28.001 \u20ac a 33.000 \u20ac\"  class=\"choice-8 depth-1\"  >28.001 \u20ac a 33.000 \u20ac<\/option><option value=\"33.001 \u20ac a 38.000 \u20ac\"  class=\"choice-9 depth-1\"  >33.001 \u20ac a 38.000 \u20ac<\/option><option value=\"38.001 \u20ac a 43.000 \u20ac\"  class=\"choice-10 depth-1\"  >38.001 \u20ac a 43.000 \u20ac<\/option><option value=\"M\u00e1s de 43.000 \u20ac\"  class=\"choice-11 depth-1\"  >M\u00e1s de 43.000 \u20ac<\/option><\/select><\/div><\/div><div class=\"wpforms-layout-column wpforms-layout-column-50\"><\/div><\/div><div class=\"wpforms-layout-row\"><div class=\"wpforms-layout-column wpforms-layout-column-50\"><div id=\"wpforms-6675-field_2-container\" class=\"wpforms-field wpforms-field-textarea\" data-field-type=\"textarea\" data-field-id=\"2\"><label class=\"wpforms-field-label\" for=\"wpforms-6675-field_2\">Comentario: cu\u00e9ntenos un poco m\u00e1s sobre usted y sus planes de viaje. <span class=\"wpforms-required-label\" aria-hidden=\"true\">*<\/span><\/label><textarea id=\"wpforms-6675-field_2\" class=\"wpforms-field-medium wpforms-field-required\" name=\"wpforms[fields][2]\" aria-errormessage=\"wpforms-6675-field_2-error\" required><\/textarea><\/div><\/div><div class=\"wpforms-layout-column wpforms-layout-column-50\"><\/div><\/div><div class=\"wpforms-layout-row\"><div class=\"wpforms-layout-column wpforms-layout-column-50\"><div id=\"wpforms-6675-field_24-container\" class=\"wpforms-field wpforms-field-hidden\" data-field-type=\"hidden\" data-field-id=\"24\"><input type=\"hidden\" id=\"wpforms-6675-field_24\" name=\"wpforms[fields][24]\" value=\"https:\/\/viagemalemanha.com\/es\/wp-json\/wp\/v2\/pages\/53803\"><\/div><\/div><div class=\"wpforms-layout-column wpforms-layout-column-50\"><\/div><\/div><div class=\"wpforms-layout-row\"><div class=\"wpforms-layout-column wpforms-layout-column-50\"><div id=\"wpforms-6675-field_25-container\" class=\"wpforms-field wpforms-field-hidden\" data-field-type=\"hidden\" data-field-id=\"25\"><input type=\"hidden\" id=\"wpforms-6675-field_25\" name=\"wpforms[fields][25]\"><\/div><\/div><div class=\"wpforms-layout-column wpforms-layout-column-50\"><\/div><\/div><div class=\"wpforms-layout-row\"><div class=\"wpforms-layout-column wpforms-layout-column-50\"><div id=\"wpforms-6675-field_33-container\" class=\"wpforms-field wpforms-field-hidden\" data-field-type=\"hidden\" data-field-id=\"33\"><input type=\"hidden\" id=\"wpforms-6675-field_33\" name=\"wpforms[fields][33]\"><\/div><\/div><div class=\"wpforms-layout-column wpforms-layout-column-50\"><\/div><\/div><div class=\"wpforms-layout-row\"><div class=\"wpforms-layout-column wpforms-layout-column-50\"><div id=\"wpforms-6675-field_26-container\" class=\"wpforms-field wpforms-field-hidden\" data-field-type=\"hidden\" data-field-id=\"26\"><input type=\"hidden\" id=\"wpforms-6675-field_26\" name=\"wpforms[fields][26]\" value=\"     \"><\/div><\/div><div class=\"wpforms-layout-column wpforms-layout-column-50\"><\/div><\/div><div class=\"wpforms-layout-row\"><div class=\"wpforms-layout-column wpforms-layout-column-50\"><div id=\"wpforms-6675-field_27-container\" class=\"wpforms-field wpforms-field-hidden\" data-field-type=\"hidden\" data-field-id=\"27\"><input type=\"hidden\" id=\"wpforms-6675-field_27\" name=\"wpforms[fields][27]\" value=\"{entry_user_journey}\"><\/div><\/div><div class=\"wpforms-layout-column wpforms-layout-column-50\"><\/div><\/div><div class=\"wpforms-layout-row\"><div class=\"wpforms-layout-column wpforms-layout-column-50\"><div id=\"wpforms-6675-field_32-container\" class=\"wpforms-field wpforms-field-hidden\" data-field-type=\"hidden\" data-field-id=\"32\"><input type=\"hidden\" id=\"wpforms-6675-field_32\" name=\"wpforms[fields][32]\" value=\"  \"><\/div><\/div><div class=\"wpforms-layout-column wpforms-layout-column-50\"><\/div><\/div><div class=\"wpforms-layout-row\"><div class=\"wpforms-layout-column wpforms-layout-column-50\"><div id=\"wpforms-6675-field_36-container\" class=\"wpforms-field wpforms-field-hidden\" data-field-type=\"hidden\" data-field-id=\"36\"><input type=\"hidden\" id=\"wpforms-6675-field_36\" name=\"wpforms[fields][36]\" value=\"\u00a0-\u00a0 \u00a0utm_campaign\tutm_content\tutm_term\tgclid\tfbclid\t\"><\/div><\/div><div class=\"wpforms-layout-column wpforms-layout-column-50\"><\/div><\/div><div class=\"wpforms-layout-row\"><div class=\"wpforms-layout-column wpforms-layout-column-50\"><div id=\"wpforms-6675-field_37-container\" class=\"wpforms-field wpforms-field-hidden\" data-field-type=\"hidden\" data-field-id=\"37\"><input type=\"hidden\" id=\"wpforms-6675-field_37\" name=\"wpforms[fields][37]\"><\/div><\/div><div class=\"wpforms-layout-column wpforms-layout-column-50\"><\/div><\/div><\/div><\/div><script>\n\t\t\t\t( function() {\n\t\t\t\t\tconst style = document.createElement( 'style' );\n\t\t\t\t\tstyle.appendChild( document.createTextNode( '#wpforms-6675-field_3-container { position: absolute !important; overflow: hidden !important; display: inline !important; height: 1px !important; width: 1px !important; z-index: -1000 !important; padding: 0 !important; } #wpforms-6675-field_3-container input { visibility: hidden; } #wpforms-conversational-form-page #wpforms-6675-field_3-container label { counter-increment: none; }' ) );\n\t\t\t\t\tdocument.head.appendChild( style );\n\t\t\t\t\tdocument.currentScript?.remove();\n\t\t\t\t} )();\n\t\t\t<\/script><\/div><!-- .wpforms-field-container --><div class=\"wpforms-recaptcha-container wpforms-is-recaptcha wpforms-is-recaptcha-type-v2\" ><div class=\"g-recaptcha\" data-sitekey=\"6LfBokYrAAAAAOv5cKUbpqSv5EZQIrEtNlUMORJ8\"><\/div><input type=\"text\" name=\"g-recaptcha-hidden\" class=\"wpforms-recaptcha-hidden\" style=\"position:absolute!important;clip:rect(0,0,0,0)!important;height:1px!important;width:1px!important;border:0!important;overflow:hidden!important;padding:0!important;margin:0!important;\" data-rule-recaptcha=\"1\"><\/div><div class=\"wpforms-submit-container\" ><input type=\"hidden\" name=\"wpforms[id]\" value=\"6675\"><input type=\"hidden\" name=\"page_title\" value=\"\"><input type=\"hidden\" name=\"page_url\" value=\"https:\/\/viagemalemanha.com\/es\/wp-json\/wp\/v2\/pages\/53803\"><input type=\"hidden\" name=\"url_referer\" value=\"\"><button type=\"submit\" name=\"wpforms[submit]\" id=\"wpforms-submit-6675\" class=\"wpforms-submit\" data-alt-text=\"Enviando....\" data-submit-text=\"Enviar\" aria-live=\"assertive\" value=\"wpforms-submit\">Enviar<\/button><\/div><\/form><\/div>  <!-- .wpforms-container --><\/div>\n<\/div>\n\n\n\n<p><\/p>\n","protected":false},"excerpt":{"rendered":"<p>\u00c9rase una vez en Alemania&#8230; \u00a1Una ruta por la Alemania de los cuentos de hadas! Bueno, no era: \u00a1a\u00fan lo es! La ruta de los cuentos de hadas en Alemania es una de las m\u00e1s hermosas y fascinantes del pa\u00eds y me atrevo a decir, de Europa. Comenzando en Buxtehude, una hermosa ciudad hanse\u00e1tica (donde [&hellip;]<\/p>\n","protected":false},"author":1,"featured_media":75131,"parent":0,"menu_order":0,"comment_status":"closed","ping_status":"closed","template":"","meta":{"_acf_changed":false,"tripadvisor_id":"","rating":0,"reviewer_name":"","review_date":"","trip_type":"","helpful_votes":0,"source_url":"","reviewer_gravatar":"","review_type":"","footnotes":""},"class_list":["post-53803","page","type-page","status-publish","has-post-thumbnail","hentry"],"acf":[],"_links":{"self":[{"href":"https:\/\/viagemalemanha.com\/es\/wp-json\/wp\/v2\/pages\/53803","targetHints":{"allow":["GET"]}}],"collection":[{"href":"https:\/\/viagemalemanha.com\/es\/wp-json\/wp\/v2\/pages"}],"about":[{"href":"https:\/\/viagemalemanha.com\/es\/wp-json\/wp\/v2\/types\/page"}],"author":[{"embeddable":true,"href":"https:\/\/viagemalemanha.com\/es\/wp-json\/wp\/v2\/users\/1"}],"replies":[{"embeddable":true,"href":"https:\/\/viagemalemanha.com\/es\/wp-json\/wp\/v2\/comments?post=53803"}],"version-history":[{"count":2,"href":"https:\/\/viagemalemanha.com\/es\/wp-json\/wp\/v2\/pages\/53803\/revisions"}],"predecessor-version":[{"id":66907,"href":"https:\/\/viagemalemanha.com\/es\/wp-json\/wp\/v2\/pages\/53803\/revisions\/66907"}],"wp:featuredmedia":[{"embeddable":true,"href":"https:\/\/viagemalemanha.com\/es\/wp-json\/wp\/v2\/media\/75131"}],"wp:attachment":[{"href":"https:\/\/viagemalemanha.com\/es\/wp-json\/wp\/v2\/media?parent=53803"}],"curies":[{"name":"wp","href":"https:\/\/api.w.org\/{rel}","templated":true}]}}