{"id":53805,"date":"2025-05-28T17:08:47","date_gmt":"2025-05-28T20:08:47","guid":{"rendered":"https:\/\/viagemalemanha.com\/socio-local-en-alemania-para-agencias-de-viaje-brasilenas\/"},"modified":"2026-02-01T02:32:42","modified_gmt":"2026-02-01T05:32:42","slug":"socio-local-en-alemania-para-agencias-de-viaje-de-la-america-latina","status":"publish","type":"page","link":"https:\/\/viagemalemanha.com\/es\/socio-local-en-alemania-para-agencias-de-viaje-de-la-america-latina\/","title":{"rendered":"Socio local en Alemania para agencias de viaje de la Am\u00e9rica Latina"},"content":{"rendered":"\n<div class=\"gb-element-c5464113\">\n<div class=\"gb-element-77beedb6\">\n<div class=\"gb-element-57fe703b\">\n<div class=\"gb-element-3f2686a0\">\n<p>En el din\u00e1mico mundo del turismo, la <strong>confiabilidad<\/strong> y la <strong>calidad<\/strong> son fundamentales. Presentamos una propuesta \u00fanica para agencias de viajes brasile\u00f1as: h\u00e1gase socio nuestro y ofrezca a sus clientes una experiencia inolvidable en Alemania. <\/p>\n\n\n\n<p>Ofrecemos soporte completo y servicios personalizados para que su agencia entregue experiencias inolvidables a sus clientes. Confiabilidad, excelencia y atenci\u00f3n en espa\u00f1ol. <\/p>\n\n\n\n<div>\n<h2 class=\"gb-text gb-text-0689cc5f\">\u00bfPor qu\u00e9 elegirnos como socio?<\/h2>\n\n\n\n<h3 class=\"gb-text\"><strong>Conocimiento Local Profundo<\/strong><\/h3>\n\n\n\n<p>Vivimos y trabajamos en Alemania. Conocemos los mejores proveedores, itinerarios exclusivos y tenemos acceso a experiencias que solo quien est\u00e1 en el d\u00eda a d\u00eda consigue proporcionar. <\/p>\n\n\n\n<h3 class=\"gb-text\"><strong>Atenci\u00f3n en espa\u00f1ol<\/strong><\/h3>\n\n\n\n<p>Comunicaci\u00f3n clara y directa con usted y sus clientes. Eliminamos barreras ling\u00fc\u00edsticas y culturales, garantizando que todo salga exactamente como planeado. <\/p>\n\n\n\n<h3 class=\"gb-text\"><strong>Soporte 24\/7<\/strong><\/h3>\n\n\n\n<p>Los imprevistos suceden. Cuando surgen, estamos disponibles para resolver r\u00e1pidamente, preservando la experiencia de su cliente y la reputaci\u00f3n de su agencia. <\/p>\n\n\n\n<h3 class=\"gb-text\"><strong>Servicios A Medida<\/strong><\/h3>\n\n\n\n<p>No trabajamos con paquetes predefinidos. Cada itinerario se dise\u00f1a de acuerdo con el perfil y las expectativas de sus clientes, garantizando exclusividad y personalizaci\u00f3n. <\/p>\n<\/div>\n<\/div>\n\n\n\n<div class=\"gb-element-5d7c49ff\">\n<img decoding=\"async\" width=\"1920\" height=\"2560\" class=\"gb-media-0edf7954\" alt=\"Pareja de pie delante de un gran castillo, sonriendo y admirando la arquitectura.\" src=\"https:\/\/viagemalemanha.com\/wp-content\/uploads\/2025\/05\/viagem-alemanha-palacio-scaled.jpg\" title=\"viagem-alemanha-palacio\" srcset=\"https:\/\/viagemalemanha.com\/wp-content\/uploads\/2025\/05\/viagem-alemanha-palacio-scaled.jpg 1920w, https:\/\/viagemalemanha.com\/wp-content\/uploads\/2025\/05\/viagem-alemanha-palacio-225x300.jpg 225w, https:\/\/viagemalemanha.com\/wp-content\/uploads\/2025\/05\/viagem-alemanha-palacio-768x1024.jpg 768w, https:\/\/viagemalemanha.com\/wp-content\/uploads\/2025\/05\/viagem-alemanha-palacio-1152x1536.jpg 1152w, https:\/\/viagemalemanha.com\/wp-content\/uploads\/2025\/05\/viagem-alemanha-palacio-1536x2048.jpg 1536w\" sizes=\"(max-width: 1920px) 100vw, 1920px\" \/>\n<\/div>\n<\/div>\n<\/div>\n<\/div>\n\n<div class=\"gb-element-c1053bdf\">\n<div class=\"gb-element-9ab7cd17\">\n<h2 class=\"gb-text gb-text-f2c2de3c\"><strong>Nuestros Servicios para Agencias<\/strong><\/h2>\n\n\n\n<p class=\"gb-text\"><strong><strong>Lo que ofrecemos:<\/strong><\/strong><\/p>\n\n\n\n<div class=\"gb-element-32790ec7\">\n<div>\n<h3 class=\"gb-text\"><strong>Consultor\u00eda y Planificaci\u00f3n de Itinerarios<\/strong><\/h3>\n\n\n\n<p class=\"gb-text\">Le ayudamos a dise\u00f1ar el itinerario ideal, sugiriendo alojamientos, restaurantes, atracciones y experiencias exclusivas.<\/p>\n<\/div>\n\n\n\n<div>\n<h3 class=\"gb-text\"><strong>Paseos Guiados Privados<\/strong><\/h3>\n\n\n\n<p class=\"gb-text\">Gu\u00edas en espa\u00f1ol o que hablan espa\u00f1ol para tours personalizados en las principales ciudades y regiones.<\/p>\n<\/div>\n\n\n\n<div>\n<h3 class=\"gb-text\"><strong>Transporte Privado<\/strong><\/h3>\n\n\n\n<p class=\"gb-text\">Flota propia de veh\u00edculos el\u00e9ctricos premium para traslados y desplazamientos con confort y sostenibilidad.<\/p>\n<\/div>\n\n\n\n<div>\n<h3 class=\"gb-text\"><strong>Experiencias Exclusivas<\/strong><\/h3>\n\n\n\n<p class=\"gb-text\">Acceso a bastidores de museos, f\u00e1bricas (Porsche, Mercedes), degustaciones, clases de cocina, castillos, mercados de Navidad y mucho m\u00e1s.<\/p>\n<\/div>\n\n\n\n<div>\n<h3 class=\"gb-text\"><strong>Asistencia Durante el Viaje<\/strong><\/h3>\n\n\n\n<p class=\"gb-text\">Acompa\u00f1amiento en tiempo real, garantizando que cada detalle se ejecute perfectamente.<\/p>\n<\/div>\n\n\n\n<div>\n<h3 class=\"gb-text\"><strong>Cotizaciones Transparentes<\/strong><\/h3>\n\n\n\n<p class=\"gb-text\">Valores claros, sin sorpresas. Usted lo traslada a su cliente con el margen que tenga sentido para su operaci\u00f3n. <\/p>\n<\/div>\n<\/div>\n<\/div>\n<\/div>\n\n<div class=\"gb-element-b0e59f69\">\n<div class=\"gb-element-33ec43d8\">\n<h2 class=\"gb-text gb-text-783d5559\">\u00bfDesea saber m\u00e1s sobre nuestra asociaci\u00f3n?<\/h2>\n\n\n\n<p class=\"gb-text gb-text-15f6b06f\">Rellene el siguiente formulario y reciba un material exclusivo con:<\/p>\n\n\n\n<ul class=\"wp-block-list has-light-color has-text-color has-link-color wp-elements-58a8662470087f644737594b0486924c\">\n<li>Detalles sobre nuestros servicios<\/li>\n\n\n\n<li>Condiciones comerciales<\/li>\n\n\n\n<li>Ejemplos de itinerarios personalizados<\/li>\n\n\n\n<li>Casos de \u00e9xito<\/li>\n<\/ul>\n\n\n<style id=\"wpforms-css-vars-6673-block-fae91b9f-7567-4f39-929a-f4b248012c0f\">\n\t\t\t\t#wpforms-6673.wpforms-block-fae91b9f-7567-4f39-929a-f4b248012c0f {\n\t\t\t\t--wpforms-label-color: #ffffff;\n--wpforms-label-sublabel-color: #F2F2F2;\n--wpforms-label-error-color: #FFCC00;\n--wpforms-page-break-color: #dddddd;\n--wpforms-field-border-radius: 0px;\n--wpforms-field-border-color: #F2F2F2;\n--wpforms-field-border-color-spare: #F2F2F2;\n--wpforms-field-text-color: #232323;\n--wpforms-field-menu-color: #F2F2F2;\n--wpforms-container-padding: ;\n--wpforms-button-border-style: solid;\n--wpforms-button-border-radius: 0px;\n--wpforms-button-background-color: #232323;\n--wpforms-button-text-color: #FFCC00;\n--wpforms-button-border-color: #FFCC00;\n--wpforms-field-size-input-height: 50px;\n--wpforms-field-size-input-spacing: 20px;\n--wpforms-field-size-font-size: 18px;\n--wpforms-field-size-line-height: 21px;\n--wpforms-field-size-padding-h: 14px;\n--wpforms-field-size-checkbox-size: 18px;\n--wpforms-field-size-sublabel-spacing: 10px;\n--wpforms-field-size-icon-size: 1.25;\n--wpforms-label-size-font-size: 16px;\n--wpforms-label-size-line-height: 19px;\n--wpforms-label-size-sublabel-font-size: 14px;\n--wpforms-label-size-sublabel-line-height: 17px;\n--wpforms-button-size-font-size: 17px;\n--wpforms-button-size-height: 41px;\n--wpforms-button-size-padding-h: 15px;\n--wpforms-button-size-margin-top: 10px;\n--wpforms-container-shadow-size-box-shadow: none;\n\t\t\t}\n\t\t\t<\/style><div class=\"wpforms-container wpforms-container-full wpforms-container-save-resume wpforms-block wpforms-block-fae91b9f-7567-4f39-929a-f4b248012c0f wpforms-render-modern\" id=\"wpforms-6673\"><form id=\"wpforms-form-6673\" class=\"wpforms-validate wpforms-form\" data-formid=\"6673\" method=\"post\" enctype=\"multipart\/form-data\" action=\"\/es\/wp-json\/wp\/v2\/pages\/53805\" data-token=\"20156da5f3e5ac306d1f47bdf78d11c7\" data-token-time=\"1777796524\"><noscript class=\"wpforms-error-noscript\">Por favor, activa JavaScript en tu navegador para completar este formulario.<\/noscript><div id=\"wpforms-error-noscript\" style=\"display: none;\">Por favor, activa JavaScript en tu navegador para completar este formulario.<\/div><div class=\"wpforms-field-container\"><div id=\"wpforms-6673-field_0-container\" class=\"wpforms-field wpforms-field-name\" data-field-type=\"name\" data-field-id=\"0\"><fieldset><legend class=\"wpforms-field-label wpforms-label-hide\" aria-hidden=\"false\">Nombre <span class=\"wpforms-required-label\" aria-hidden=\"true\">*<\/span><\/legend><div class=\"wpforms-field-row wpforms-field-large\"><div class=\"wpforms-field-row-block wpforms-first wpforms-one-half\"><input type=\"text\" id=\"wpforms-6673-field_0\" class=\"wpforms-field-name-first wpforms-field-required\" name=\"wpforms[fields][0][first]\" placeholder=\"Nombre\" aria-errormessage=\"wpforms-6673-field_0-error\" required><label for=\"wpforms-6673-field_0\" class=\"wpforms-field-sublabel after wpforms-sublabel-hide\">Nombre<\/label><\/div><div class=\"wpforms-field-row-block wpforms-one-half\"><input type=\"text\" id=\"wpforms-6673-field_0-last\" class=\"wpforms-field-name-last wpforms-field-required\" name=\"wpforms[fields][0][last]\" placeholder=\"Apellido\" aria-errormessage=\"wpforms-6673-field_0-last-error\" required><label for=\"wpforms-6673-field_0-last\" class=\"wpforms-field-sublabel after wpforms-sublabel-hide\">Apellido<\/label><\/div><\/div><\/fieldset><\/div><div id=\"wpforms-6673-field_1-container\" class=\"wpforms-field wpforms-field-email\" data-field-type=\"email\" data-field-id=\"1\"><label class=\"wpforms-field-label wpforms-label-hide\" for=\"wpforms-6673-field_1\" aria-hidden=\"false\">Correo electr\u00f3nico <span class=\"wpforms-required-label\" aria-hidden=\"true\">*<\/span><\/label><input type=\"email\" id=\"wpforms-6673-field_1\" class=\"wpforms-field-large wpforms-field-required\" name=\"wpforms[fields][1]\" placeholder=\"Su correo electr\u00f3nico\" spellcheck=\"false\" aria-errormessage=\"wpforms-6673-field_1-error\" required><\/div><div id=\"wpforms-6673-field_7-container\" class=\"wpforms-field wpforms-field-phone\" data-field-type=\"phone\" data-field-id=\"7\"><label class=\"wpforms-field-label\" for=\"wpforms-6673-field_7\">Tel\u00e9fono con c\u00f3digo de \u00e1rea <span class=\"wpforms-required-label\" aria-hidden=\"true\">*<\/span><\/label><input type=\"tel\" id=\"wpforms-6673-field_7\" class=\"wpforms-field-medium wpforms-field-required\" data-rule-int-phone-field=\"true\" name=\"wpforms[fields][7]\" placeholder=\"+55\" aria-label=\"Tel\u00e9fono con c\u00f3digo de \u00e1rea\" aria-errormessage=\"wpforms-6673-field_7-error\" required><\/div><div id=\"wpforms-6673-field_4-container\" class=\"wpforms-field wpforms-field-radio\" data-field-type=\"radio\" data-field-id=\"4\"><fieldset><legend class=\"wpforms-field-label\">\u00bfAd\u00f3nde quiere viajar?<\/legend><ul id=\"wpforms-6673-field_4\"><li class=\"choice-1 depth-1\"><input type=\"radio\" id=\"wpforms-6673-field_4_1\" name=\"wpforms[fields][4]\" value=\"Alemania\" aria-errormessage=\"wpforms-6673-field_4_1-error\"  ><label class=\"wpforms-field-label-inline\" for=\"wpforms-6673-field_4_1\">Alemania<\/label><\/li><li class=\"choice-2 depth-1\"><input type=\"radio\" id=\"wpforms-6673-field_4_2\" name=\"wpforms[fields][4]\" value=\"Suiza\" aria-errormessage=\"wpforms-6673-field_4_2-error\"  ><label class=\"wpforms-field-label-inline\" for=\"wpforms-6673-field_4_2\">Suiza<\/label><\/li><li class=\"choice-3 depth-1\"><input type=\"radio\" id=\"wpforms-6673-field_4_3\" name=\"wpforms[fields][4]\" value=\"Austria\" aria-errormessage=\"wpforms-6673-field_4_3-error\"  ><label class=\"wpforms-field-label-inline\" for=\"wpforms-6673-field_4_3\">Austria<\/label><\/li><li class=\"choice-4 depth-1\"><input type=\"radio\" id=\"wpforms-6673-field_4_4\" name=\"wpforms[fields][4]\" value=\"Norte de Italia\" aria-errormessage=\"wpforms-6673-field_4_4-error\"  ><label class=\"wpforms-field-label-inline\" for=\"wpforms-6673-field_4_4\">Norte de Italia<\/label><\/li><li class=\"choice-5 depth-1\"><input type=\"radio\" id=\"wpforms-6673-field_4_5\" name=\"wpforms[fields][4]\" value=\"Otros\" aria-errormessage=\"wpforms-6673-field_4_5-error\"  ><label class=\"wpforms-field-label-inline\" for=\"wpforms-6673-field_4_5\">Otros<\/label><\/li><\/ul><\/fieldset><\/div><div id=\"wpforms-6673-field_5-container\" class=\"wpforms-field wpforms-field-radio\" data-field-type=\"radio\" data-field-id=\"5\"><fieldset><legend class=\"wpforms-field-label\">\u00bfLes gustar\u00eda nuestra ayuda?<\/legend><ul id=\"wpforms-6673-field_5\"><li class=\"choice-1 depth-1\"><input type=\"radio\" id=\"wpforms-6673-field_5_1\" name=\"wpforms[fields][5]\" value=\"Viaje completo (nos encargamos de todo)\" aria-errormessage=\"wpforms-6673-field_5_1-error\"  ><label class=\"wpforms-field-label-inline\" for=\"wpforms-6673-field_5_1\">Viaje completo (nos encargamos de todo)<\/label><\/li><li class=\"choice-2 depth-1\"><input type=\"radio\" id=\"wpforms-6673-field_5_2\" name=\"wpforms[fields][5]\" value=\"Gu\u00edas locales en espa\u00f1ol\" aria-errormessage=\"wpforms-6673-field_5_2-error\"  ><label class=\"wpforms-field-label-inline\" for=\"wpforms-6673-field_5_2\">Gu\u00edas locales en espa\u00f1ol<\/label><\/li><li class=\"choice-3 depth-1\"><input type=\"radio\" id=\"wpforms-6673-field_5_3\" name=\"wpforms[fields][5]\" value=\"Solo transporte\" aria-errormessage=\"wpforms-6673-field_5_3-error\"  ><label class=\"wpforms-field-label-inline\" for=\"wpforms-6673-field_5_3\">Solo transporte<\/label><\/li><li class=\"choice-4 depth-1\"><input type=\"radio\" id=\"wpforms-6673-field_5_4\" name=\"wpforms[fields][5]\" value=\"Ruta personalizada\" aria-errormessage=\"wpforms-6673-field_5_4-error\"  ><label class=\"wpforms-field-label-inline\" for=\"wpforms-6673-field_5_4\">Ruta personalizada<\/label><\/li><\/ul><\/fieldset><\/div><div id=\"wpforms-6673-field_12-container\" class=\"wpforms-field wpforms-field-select wpforms-field-select-style-classic\" data-field-type=\"select\" data-field-id=\"12\"><label class=\"wpforms-field-label\" for=\"wpforms-6673-field_12\">Presupuesto estimado total para el viaje (en euros) <span class=\"wpforms-required-label\" aria-hidden=\"true\">*<\/span><\/label><select id=\"wpforms-6673-field_12\" class=\"wpforms-field-medium wpforms-field-required\" name=\"wpforms[fields][12]\" required=\"required\"><option value=\"\" class=\"placeholder\" disabled  selected='selected'>&#8212; Seleccione una opci\u00f3n &#8212;<\/option><option value=\"Hasta 3.000 \u20ac\"  class=\"choice-1 depth-1\"  >Hasta 3.000 \u20ac<\/option><option value=\"3.001 a 5.000 \u20ac\"  class=\"choice-2 depth-1\"  >3.001 a 5.000 \u20ac<\/option><option value=\"5.001 a 8.000 \u20ac\"  class=\"choice-3 depth-1\"  >5.001 a 8.000 \u20ac<\/option><option value=\"8.001 a 13.000 \u20ac\"  class=\"choice-4 depth-1\"  >8.001 a 13.000 \u20ac<\/option><option value=\"13.001 a 18.000 \u20ac\"  class=\"choice-5 depth-1\"  >13.001 a 18.000 \u20ac<\/option><option value=\"18.001 a 23.000 \u20ac\"  class=\"choice-6 depth-1\"  >18.001 a 23.000 \u20ac<\/option><option value=\"23.001 a 28.000 \u20ac\"  class=\"choice-7 depth-1\"  >23.001 a 28.000 \u20ac<\/option><option value=\"28.001 a 33.000 \u20ac\"  class=\"choice-8 depth-1\"  >28.001 a 33.000 \u20ac<\/option><option value=\"33.001 a 38.000 \u20ac\"  class=\"choice-9 depth-1\"  >33.001 a 38.000 \u20ac<\/option><option value=\"38.001 a 43.000 \u20ac\"  class=\"choice-10 depth-1\"  >38.001 a 43.000 \u20ac<\/option><option value=\"M\u00e1s de 40.000 \u20ac\"  class=\"choice-11 depth-1\"  >M\u00e1s de 40.000 \u20ac<\/option><\/select><\/div><div id=\"wpforms-6673-field_2-container\" class=\"wpforms-field wpforms-field-textarea\" data-field-type=\"textarea\" data-field-id=\"2\"><label class=\"wpforms-field-label wpforms-label-hide\" for=\"wpforms-6673-field_2\" aria-hidden=\"false\">\u00bfQu\u00e9 busca para su viaje?  <span class=\"wpforms-required-label\" aria-hidden=\"true\">*<\/span><\/label><textarea id=\"wpforms-6673-field_2\" class=\"wpforms-field-medium wpforms-field-required\" name=\"wpforms[fields][2]\" placeholder=\"\u00bfQu\u00e9 busca para su viaje? \" aria-errormessage=\"wpforms-6673-field_2-error\" required><\/textarea><\/div><div id=\"wpforms-6673-field_6-container\" class=\"wpforms-field wpforms-field-hidden\" data-field-type=\"hidden\" data-field-id=\"6\"><input type=\"hidden\" id=\"wpforms-6673-field_6\" name=\"wpforms[fields][6]\"><\/div><div id=\"wpforms-6673-field_8-container\" class=\"wpforms-field wpforms-field-hidden\" data-field-type=\"hidden\" data-field-id=\"8\"><input type=\"hidden\" id=\"wpforms-6673-field_8\" name=\"wpforms[fields][8]\" value=\"74.7.242.143 https:\/\/viagemalemanha.com\/es\/socio-local-en-alemania-para-agencias-de-viaje-de-la-america-latina\/  Atlanta, Georgia, US\r\n33.7485, -84.3871\"><\/div><div id=\"wpforms-6673-field_9-container\" class=\"wpforms-field wpforms-field-hidden\" data-field-type=\"hidden\" data-field-id=\"9\"><input type=\"hidden\" id=\"wpforms-6673-field_9\" name=\"wpforms[fields][9]\" value=\"{entry_user_journey}\"><\/div>\t\t<div id=\"wpforms-6673-field_3-container\"\n\t\t\tclass=\"wpforms-field wpforms-field-text\"\n\t\t\tdata-field-type=\"text\"\n\t\t\tdata-field-id=\"3\"\n\t\t\t>\n\t\t\t<label class=\"wpforms-field-label\" for=\"wpforms-6673-field_3\" >su entrada referencia<\/label>\n\t\t\t<input type=\"text\" id=\"wpforms-6673-field_3\" class=\"wpforms-field-medium\" name=\"wpforms[fields][3]\" >\n\t\t<\/div>\n\t\t<div id=\"wpforms-6673-field_13-container\" class=\"wpforms-field wpforms-field-hidden\" data-field-type=\"hidden\" data-field-id=\"13\"><input type=\"hidden\" id=\"wpforms-6673-field_13\" name=\"wpforms[fields][13]\" value=\" \"><\/div><div id=\"wpforms-6673-field_14-container\" class=\"wpforms-field wpforms-field-hidden\" data-field-type=\"hidden\" data-field-id=\"14\"><input type=\"hidden\" id=\"wpforms-6673-field_14\" name=\"wpforms[fields][14]\" value=\"utm_source\tutm_medium\tutm_campaign\tutm_content\tutm_term\tgclid\tfbclid\t\"><\/div><div id=\"wpforms-6673-field_15-container\" class=\"wpforms-field wpforms-field-hidden\" data-field-type=\"hidden\" data-field-id=\"15\"><input type=\"hidden\" id=\"wpforms-6673-field_15\" name=\"wpforms[fields][15]\"><\/div><script>\n\t\t\t\t( function() {\n\t\t\t\t\tconst style = document.createElement( 'style' );\n\t\t\t\t\tstyle.appendChild( document.createTextNode( '#wpforms-6673-field_3-container { position: absolute !important; overflow: hidden !important; display: inline !important; height: 1px !important; width: 1px !important; z-index: -1000 !important; padding: 0 !important; } #wpforms-6673-field_3-container input { visibility: hidden; } #wpforms-conversational-form-page #wpforms-6673-field_3-container label { counter-increment: none; }' ) );\n\t\t\t\t\tdocument.head.appendChild( style );\n\t\t\t\t\tdocument.currentScript?.remove();\n\t\t\t\t} )();\n\t\t\t<\/script><\/div><!-- .wpforms-field-container --><div class=\"wpforms-recaptcha-container wpforms-is-recaptcha wpforms-is-recaptcha-type-v2\" ><div class=\"g-recaptcha\" data-sitekey=\"6LfBokYrAAAAAOv5cKUbpqSv5EZQIrEtNlUMORJ8\"><\/div><input type=\"text\" name=\"g-recaptcha-hidden\" class=\"wpforms-recaptcha-hidden\" style=\"position:absolute!important;clip:rect(0,0,0,0)!important;height:1px!important;width:1px!important;border:0!important;overflow:hidden!important;padding:0!important;margin:0!important;\" data-rule-recaptcha=\"1\"><\/div><div class=\"wpforms-submit-container\" ><input type=\"hidden\" name=\"wpforms[id]\" value=\"6673\"><input type=\"hidden\" name=\"page_title\" value=\"\"><input type=\"hidden\" name=\"page_url\" value=\"https:\/\/viagemalemanha.com\/es\/wp-json\/wp\/v2\/pages\/53805\"><input type=\"hidden\" name=\"url_referer\" value=\"https:\/\/viagemalemanha.com\/es\/socio-local-en-alemania-para-agencias-de-viaje-de-la-america-latina\/\"><button type=\"submit\" name=\"wpforms[submit]\" id=\"wpforms-submit-6673\" class=\"wpforms-submit\" data-alt-text=\"Enviando...\" data-submit-text=\"Enviar\" aria-live=\"assertive\" value=\"wpforms-submit\">Enviar<\/button><\/div><\/form><\/div>  <!-- .wpforms-container --><\/div>\n<\/div>\n","protected":false},"excerpt":{"rendered":"<p>En el din\u00e1mico mundo del turismo, la confiabilidad y la calidad son fundamentales. Presentamos una propuesta \u00fanica para agencias de viajes brasile\u00f1as: h\u00e1gase socio nuestro y ofrezca a sus clientes una experiencia inolvidable en Alemania. Ofrecemos soporte completo y servicios personalizados para que su agencia entregue experiencias inolvidables a sus clientes. Confiabilidad, excelencia y atenci\u00f3n [&hellip;]<\/p>\n","protected":false},"author":1,"featured_media":0,"parent":0,"menu_order":0,"comment_status":"closed","ping_status":"closed","template":"","meta":{"_acf_changed":false,"tripadvisor_id":"","rating":0,"reviewer_name":"","review_date":"","trip_type":"","helpful_votes":0,"source_url":"","reviewer_gravatar":"","review_type":"","footnotes":""},"class_list":["post-53805","page","type-page","status-publish","hentry"],"acf":[],"_links":{"self":[{"href":"https:\/\/viagemalemanha.com\/es\/wp-json\/wp\/v2\/pages\/53805","targetHints":{"allow":["GET"]}}],"collection":[{"href":"https:\/\/viagemalemanha.com\/es\/wp-json\/wp\/v2\/pages"}],"about":[{"href":"https:\/\/viagemalemanha.com\/es\/wp-json\/wp\/v2\/types\/page"}],"author":[{"embeddable":true,"href":"https:\/\/viagemalemanha.com\/es\/wp-json\/wp\/v2\/users\/1"}],"replies":[{"embeddable":true,"href":"https:\/\/viagemalemanha.com\/es\/wp-json\/wp\/v2\/comments?post=53805"}],"version-history":[{"count":2,"href":"https:\/\/viagemalemanha.com\/es\/wp-json\/wp\/v2\/pages\/53805\/revisions"}],"predecessor-version":[{"id":65450,"href":"https:\/\/viagemalemanha.com\/es\/wp-json\/wp\/v2\/pages\/53805\/revisions\/65450"}],"wp:attachment":[{"href":"https:\/\/viagemalemanha.com\/es\/wp-json\/wp\/v2\/media?parent=53805"}],"curies":[{"name":"wp","href":"https:\/\/api.w.org\/{rel}","templated":true}]}}