{"id":53808,"date":"2025-11-05T12:39:23","date_gmt":"2025-11-05T15:39:23","guid":{"rendered":"https:\/\/viagemalemanha.com\/castillos-palacios-y-fortalezas-un-viaje-por-el-vasto-patrimonio-historico-de-alemania\/"},"modified":"2026-02-04T00:08:23","modified_gmt":"2026-02-04T03:08:23","slug":"castillos-de-alemania-2","status":"publish","type":"page","link":"https:\/\/viagemalemanha.com\/es\/castillos-de-alemania-2\/","title":{"rendered":"Castillos, palacios y fortalezas: un viaje por el vasto patrimonio hist\u00f3rico de Alemania"},"content":{"rendered":"\n<figure class=\"wp-block-image size-large alignnone size-full wp-image-682\"><img decoding=\"async\" width=\"1024\" height=\"678\" src=\"https:\/\/viagemalemanha.com\/wp-content\/uploads\/2025\/04\/Runkel-2-1024x678.jpg\" alt=\"\" class=\"wp-image-5977\" srcset=\"https:\/\/viagemalemanha.com\/wp-content\/uploads\/2025\/04\/Runkel-2-1024x678.jpg 1024w, https:\/\/viagemalemanha.com\/wp-content\/uploads\/2025\/04\/Runkel-2-300x199.jpg 300w, https:\/\/viagemalemanha.com\/wp-content\/uploads\/2025\/04\/Runkel-2-768x509.jpg 768w, https:\/\/viagemalemanha.com\/wp-content\/uploads\/2025\/04\/Runkel-2.jpg 1280w\" sizes=\"(max-width: 1024px) 100vw, 1024px\" \/><figcaption class=\"wp-element-caption\">Castillo de Runkel, en el valle del r\u00edo Lahn, al norte de Fr\u00e1ncfort<\/figcaption><\/figure>\n\n\n\n<p>\u00a1Nos encantan los castillos! Y estamos seguros de que, si a\u00fan no los ama, sin duda los amar\u00e1 despu\u00e9s de pasear con nosotros por algunos de estos magn\u00edficos castillos. <\/p>\n\n\n\n<p>Pasear por un castillo es m\u00e1s que una clase de historia, pues cada castillo es \u00fanico y posee una intrincada conexi\u00f3n con su regi\u00f3n y, muchas veces, con nuestra propia historia (\u00a1del palacio de B\u00fcckeburg, por ejemplo, salieron mercenarios para proteger Portugal!).<\/p>\n\n\n\n<blockquote class=\"wp-block-quote is-layout-flow wp-block-quote-is-layout-flow\">\n<p>A partir de 2015, tambi\u00e9n iniciamos colaboraciones con diversos castillos en Alemania para recibir a nuestros queridos viajeros latinos con gran estilo.<\/p>\n<\/blockquote>\n\n\n\n<p>En nuestros viajes personalizados en Alemania, es posible <strong>hospedarse en castillos y palacios<\/strong>, o visitarlos, en tours guiados privados y exclusivos. Sin filas, sin esperas: la experiencia \u00fanica de visitar un castillo o palacio, con gu\u00eda en espa\u00f1ol y un experto del castillo o de la regi\u00f3n, que le contar\u00e1 todas las historias m\u00e1s interesantes y los secretos de cada lugar. <\/p>\n\n\n\n<h2 class=\"wp-block-heading\">Ruta completa o la experiencia de una visita<\/h2>\n\n\n\n<figure class=\"wp-block-image alignleft size-full wp-image-636\"><img decoding=\"async\" width=\"860\" height=\"558\" src=\"https:\/\/viagemalemanha.com\/wp-content\/uploads\/2025\/04\/Hohenzollern_castelo_viagemalemanha-passeios-guiados-portugues.jpg\" alt=\"\" class=\"wp-image-6158\" srcset=\"https:\/\/viagemalemanha.com\/wp-content\/uploads\/2025\/04\/Hohenzollern_castelo_viagemalemanha-passeios-guiados-portugues.jpg 860w, https:\/\/viagemalemanha.com\/wp-content\/uploads\/2025\/04\/Hohenzollern_castelo_viagemalemanha-passeios-guiados-portugues-300x195.jpg 300w, https:\/\/viagemalemanha.com\/wp-content\/uploads\/2025\/04\/Hohenzollern_castelo_viagemalemanha-passeios-guiados-portugues-768x498.jpg 768w\" sizes=\"(max-width: 860px) 100vw, 860px\" \/><figcaption class=\"wp-element-caption\">Castillo de Heidelberg (Imagen de Christel por Pixabay)<\/figcaption><\/figure>\n\n\n\n<p>Para quien ama los castillos y la historia, y sue\u00f1a con un viaje tem\u00e1tico: nuestro <strong>tour especial Castillos de Alemania<\/strong> es la ruta completa, centrada en el tema, con visitas a algunos de los castillos m\u00e1s importantes e imponentes de Alemania (hay m\u00e1s de 10.000 castillos en Alemania) de acuerdo con la duraci\u00f3n del viaje y el ritmo de los viajeros.<\/p>\n\n\n\n<p>Para aquellos que quieren <strong>a\u00f1adir un poco de la magia de los castillos a su viaje, pero tambi\u00e9n quieren ver otros lugares,<\/strong> las visitas y experiencias en castillos en la mayor parte de Alemania pueden incluirse en la ruta.<\/p>\n\n\n\n<p>Paseos tem\u00e1ticos por los castillos m\u00e1s bellos e interesantes de Alemania con opcionales fant\u00e1sticos, como:<\/p>\n\n\n\n<ul class=\"wp-block-list\">\n<li>Alojamiento en castillos y palacios hist\u00f3ricos<\/li>\n\n\n\n<li>Paseos en descapotables<\/li>\n\n\n\n<li>Paseos en helic\u00f3ptero<\/li>\n\n\n\n<li>Paseos en globo<\/li>\n\n\n\n<li>Degustaci\u00f3n de vinos alemanes<\/li>\n\n\n\n<li>Cenas rom\u00e1nticas o de celebraci\u00f3n<\/li>\n<\/ul>\n\n\n\n<h1 class=\"wp-block-heading\">Alojamiento en castillos<\/h1>\n\n\n\n<figure class=\"wp-block-gallery has-nested-images columns-2 is-cropped wp-block-gallery-1 is-layout-flex wp-block-gallery-is-layout-flex\">\n<figure class=\"wp-block-image size-large\"><img decoding=\"async\" width=\"1024\" height=\"683\" data-id=\"10140\" src=\"https:\/\/viagemalemanha.com\/wp-content\/uploads\/2025\/11\/Hotel-castelo-Alemanha-1024x683.jpg\" alt=\"\" class=\"wp-image-10140\" srcset=\"https:\/\/viagemalemanha.com\/wp-content\/uploads\/2025\/11\/Hotel-castelo-Alemanha-1024x683.jpg 1024w, https:\/\/viagemalemanha.com\/wp-content\/uploads\/2025\/11\/Hotel-castelo-Alemanha-300x200.jpg 300w, https:\/\/viagemalemanha.com\/wp-content\/uploads\/2025\/11\/Hotel-castelo-Alemanha-768x512.jpg 768w, https:\/\/viagemalemanha.com\/wp-content\/uploads\/2025\/11\/Hotel-castelo-Alemanha-1536x1024.jpg 1536w, https:\/\/viagemalemanha.com\/wp-content\/uploads\/2025\/11\/Hotel-castelo-Alemanha.jpg 1600w\" sizes=\"(max-width: 1024px) 100vw, 1024px\" \/><\/figure>\n\n\n\n<figure class=\"wp-block-image size-large\"><img decoding=\"async\" width=\"1024\" height=\"683\" data-id=\"10141\" src=\"https:\/\/viagemalemanha.com\/wp-content\/uploads\/2025\/11\/Quarto-castelo-aleamanha-1024x683.jpg\" alt=\"\" class=\"wp-image-10141\" srcset=\"https:\/\/viagemalemanha.com\/wp-content\/uploads\/2025\/11\/Quarto-castelo-aleamanha-1024x683.jpg 1024w, https:\/\/viagemalemanha.com\/wp-content\/uploads\/2025\/11\/Quarto-castelo-aleamanha-300x200.jpg 300w, https:\/\/viagemalemanha.com\/wp-content\/uploads\/2025\/11\/Quarto-castelo-aleamanha-768x512.jpg 768w, https:\/\/viagemalemanha.com\/wp-content\/uploads\/2025\/11\/Quarto-castelo-aleamanha-1536x1024.jpg 1536w, https:\/\/viagemalemanha.com\/wp-content\/uploads\/2025\/11\/Quarto-castelo-aleamanha.jpg 1599w\" sizes=\"(max-width: 1024px) 100vw, 1024px\" \/><\/figure>\n<\/figure>\n\n\n\n<p>Imagine lo siguiente: se despierta en una habitaci\u00f3n como esta, abre la ventana y, frente a usted, se extiende un inmenso jard\u00edn. M\u00e1s adelante, las murallas del castillo se alzan imponentes, pero a\u00fan por debajo de su campo de visi\u00f3n, ya que m\u00e1s adelante se consigue vislumbrar un valle con vi\u00f1edos a ambos lados y un bello r\u00edo que lo cruza por el medio. Tras un fant\u00e1stico desayuno, su gu\u00eda ya le espera con un precioso Mercedes-Benz descapotable, el cual podr\u00e1, si lo desea, conducir usted mismo por las peque\u00f1as ciudades medievales y campos en los alrededores del castillo, o seguir en un veh\u00edculo ejecutivo con toda comodidad.  <\/p>\n\n\n\n<figure class=\"wp-block-image aligncenter size-full\"><img decoding=\"async\" width=\"683\" height=\"1024\" src=\"https:\/\/viagemalemanha.com\/wp-content\/uploads\/2025\/11\/CastelodeEltz04-3-683x1024-1.jpg\" alt=\"\" class=\"wp-image-10139\" srcset=\"https:\/\/viagemalemanha.com\/wp-content\/uploads\/2025\/11\/CastelodeEltz04-3-683x1024-1.jpg 683w, https:\/\/viagemalemanha.com\/wp-content\/uploads\/2025\/11\/CastelodeEltz04-3-683x1024-1-200x300.jpg 200w\" sizes=\"(max-width: 683px) 100vw, 683px\" \/><\/figure>\n\n\n\n<p>Tras un d\u00eda de paseos por bodegas, palacios y pueblos sacados de cuentos de hadas, vamos a terminar el d\u00eda con una degustaci\u00f3n de vinos y una vista de la puesta de sol asombrosa, mientras se aprende sobre las sutilezas de los vinos locales.<\/p>\n\n\n\n<p>Esta, por supuesto, es solo <strong>una de las muchas opciones<\/strong> que definimos con el viajero al preparar el viaje a medida, con lo que realmente ama, y as\u00ed vamos a crear el <strong>viaje de sus sue\u00f1os<\/strong>.<\/p>\n\n\n\n<p>Ejemplo ilustrativo de un paseo de castillos y vinos de Alemania. Para otras rutas y posibilidades de paseos con castillos, montamos su ruta personalizada. <\/p>\n\n\n\n<figure class=\"wp-block-embed is-type-video is-provider-youtube wp-block-embed-youtube wp-embed-aspect-16-9 wp-has-aspect-ratio\"><div class=\"wp-block-embed__wrapper\">\n<iframe title=\"BURG ELTZ - ELTZ CASTLE - Aerial View \u00a9 REINHOLD SCHROERS with DJI Phantom - Zenmuse\" width=\"500\" height=\"281\" src=\"https:\/\/www.youtube.com\/embed\/gRD7hx_TDfE?feature=oembed&#038;enablejsapi=1&#038;origin=https:\/\/viagemalemanha.com\" frameborder=\"0\" allow=\"accelerometer; autoplay; clipboard-write; encrypted-media; gyroscope; picture-in-picture; web-share\" referrerpolicy=\"strict-origin-when-cross-origin\" allowfullscreen><\/iframe>\n<\/div><\/figure>\n\n\n\n<h2 class=\"wp-block-heading\">Preguntas frecuentes<\/h2>\n\n\n\n<p>Un punto en el que muchos tienen dudas es si un castillo-hotel ofrece las mismas comodidades que un hotel normal. \u00a1La respuesta es s\u00ed! Y, por ser hoteles de lujo, ofrecen a\u00fan m\u00e1s que un hotel normal \ud83d\ude42  <\/p>\n\n\n\n<p>Para quien no quiere perder tiempo, hemos preparado una peque\u00f1a secci\u00f3n de preguntas frecuentes sobre nuestros paseos, tours y alojamiento.<\/p>\n\n\n\n<p><strong>\u00bfPuedo alojarme en un castillo?<\/strong><\/p>\n\n\n\n<p>\u00a1S\u00ed! El castillo o palacio-hotel se elige de acuerdo con su perfil y su ruta en Alemania. <\/p>\n\n\n\n<p><strong>\u00bfLos gu\u00edas son oficiales y poseen conocimiento real?<\/strong><\/p>\n\n\n\n<p>Todos nuestros paseos privados por los castillos se realizan con gu\u00edas oficiales, asegurados.<\/p>\n\n\n\n<p>En la gran mayor\u00eda de nuestros tours privados, un historiador o profesional del propio castillo nos ayuda. Tambi\u00e9n tenemos paseos tem\u00e1ticos, como, por ejemplo, cuentos de hadas escenificados para los ni\u00f1os. <\/p>\n\n\n\n<p><strong>\u00bfLos castillos son accesibles para personas con problemas de movilidad?<\/strong><\/p>\n\n\n\n<p>La gran mayor\u00eda de los castillos no ofrece la posibilidad de visita para personas en silla de ruedas o con graves problemas de movilidad, pues se trata de lugares hist\u00f3ricos que no pueden ser modificados en algunos puntos.<\/p>\n\n\n\n<p>Afortunadamente, hemos realizado una gran investigaci\u00f3n y un trabajo junto a algunos castillos seleccionados, para permitir tanto tours como alojamiento en algunos de estos castillos y podemos afirmar que s\u00ed conseguimos ofrecer en castillos seleccionados la misma experiencia de conocer un castillo con la accesibilidad necesaria.<\/p>\n\n\n\n<p><em>P\u00f3ngase en contacto a trav\u00e9s de nuestro correo electr\u00f3nico:<\/em><\/p>\n\n\n\n<p><em>viagem@viagemalemanha.com<\/em><\/p>\n","protected":false},"excerpt":{"rendered":"<p>\u00a1Nos encantan los castillos! Y estamos seguros de que, si a\u00fan no los ama, sin duda los amar\u00e1 despu\u00e9s de pasear con nosotros por algunos de estos magn\u00edficos castillos. Pasear por un castillo es m\u00e1s que una clase de historia, pues cada castillo es \u00fanico y posee una intrincada conexi\u00f3n con su regi\u00f3n y, muchas [&hellip;]<\/p>\n","protected":false},"author":1,"featured_media":70440,"parent":0,"menu_order":0,"comment_status":"closed","ping_status":"closed","template":"","meta":{"_acf_changed":false,"tripadvisor_id":"","rating":0,"reviewer_name":"","review_date":"","trip_type":"","helpful_votes":0,"source_url":"","reviewer_gravatar":"","review_type":"","footnotes":""},"class_list":["post-53808","page","type-page","status-publish","has-post-thumbnail","hentry"],"acf":[],"_links":{"self":[{"href":"https:\/\/viagemalemanha.com\/es\/wp-json\/wp\/v2\/pages\/53808","targetHints":{"allow":["GET"]}}],"collection":[{"href":"https:\/\/viagemalemanha.com\/es\/wp-json\/wp\/v2\/pages"}],"about":[{"href":"https:\/\/viagemalemanha.com\/es\/wp-json\/wp\/v2\/types\/page"}],"author":[{"embeddable":true,"href":"https:\/\/viagemalemanha.com\/es\/wp-json\/wp\/v2\/users\/1"}],"replies":[{"embeddable":true,"href":"https:\/\/viagemalemanha.com\/es\/wp-json\/wp\/v2\/comments?post=53808"}],"version-history":[{"count":4,"href":"https:\/\/viagemalemanha.com\/es\/wp-json\/wp\/v2\/pages\/53808\/revisions"}],"predecessor-version":[{"id":70448,"href":"https:\/\/viagemalemanha.com\/es\/wp-json\/wp\/v2\/pages\/53808\/revisions\/70448"}],"wp:featuredmedia":[{"embeddable":true,"href":"https:\/\/viagemalemanha.com\/es\/wp-json\/wp\/v2\/media\/70440"}],"wp:attachment":[{"href":"https:\/\/viagemalemanha.com\/es\/wp-json\/wp\/v2\/media?parent=53808"}],"curies":[{"name":"wp","href":"https:\/\/api.w.org\/{rel}","templated":true}]}}