{"id":53810,"date":"2025-11-05T12:54:44","date_gmt":"2025-11-05T15:54:44","guid":{"rendered":"https:\/\/viagemalemanha.com\/consultoria-de-viaje-para-alemania\/"},"modified":"2026-02-06T11:49:39","modified_gmt":"2026-02-06T14:49:39","slug":"consultoria-de-viaje-para-alemania","status":"publish","type":"page","link":"https:\/\/viagemalemanha.com\/es\/consultoria-de-viaje-para-alemania\/","title":{"rendered":"Consultor\u00eda de viaje para Alemania"},"content":{"rendered":"\n<div class=\"gb-element-c5464113\">\n<div class=\"gb-element-77beedb6\">\n<h1 class=\"wp-block-heading\" id=\"h-transforme-sua-viagem-a-alemanha-com-nosso-servico-exclusivo-de-consultoria\">Transforme su viaje a Alemania con nuestro <a href=\"https:\/\/viagemalemanha.com\/consultoria-de-viagem\/\">servicio exclusivo de consultor\u00eda<\/a><\/h1>\n\n\n\n<p>Cuando pensamos en <strong>turismo en Alemania<\/strong>, a menudo imaginamos los famosos castillos, paisajes id\u00edlicos y rica historia. Sin embargo, para realmente sumergirse y aprovechar cada momento, es crucial contar con el apoyo adecuado. Ah\u00ed es donde entramos nosotros.   <\/p>\n\n\n\n<div class=\"wp-block-buttons is-layout-flex wp-block-buttons-is-layout-flex\">\n<div class=\"wp-block-button\"><a class=\"wp-block-button__link wp-element-button\" href=\"https:\/\/viagemalemanha.com\/es\/quienes-somos\/\">Qui\u00e9nes somos<\/a><\/div>\n\n\n\n<div class=\"wp-block-button\"><a class=\"wp-block-button__link wp-element-button\" href=\"https:\/\/viagemalemanha.com\/como-o-turismo-personalizado-pode-te-ajudar\/\">Viaje personalizado<\/a><\/div>\n\n\n\n<div class=\"wp-block-button\"><a class=\"wp-block-button__link wp-element-button\" href=\"https:\/\/viagemalemanha.com\/es\/blog\/\">Blog &#8211; Viagem Alemania<\/a><\/div>\n<\/div>\n\n\n\n<div style=\"height:32px\" aria-hidden=\"true\" class=\"wp-block-spacer\"><\/div>\n\n\n\n<h2 class=\"wp-block-heading\" id=\"h-12-vantagens-exclusivas-de-nossos-servicos\">12 VENTAJAS EXCLUSIVAS DE NUESTROS SERVICIOS:<\/h2>\n\n\n\n<ul class=\"wp-block-list\">\n<li><strong>Experiencia personalizada:<\/strong> Cada detalle de su <strong>itinerario en Alemania<\/strong> se planifica meticulosamente de acuerdo con sus intereses y preferencias.<\/li>\n\n\n\n<li><strong>Soporte en espa\u00f1ol:<\/strong> Comun\u00edquese con facilidad y comodidad. Nuestros gu\u00edas y profesionales fluidos en espa\u00f1ol garantizan una experiencia sin barreras. <\/li>\n\n\n\n<li><strong>Seguridad:<\/strong> Viaje con confianza, sabiendo que est\u00e1 en buenas manos.<\/li>\n\n\n\n<li><strong>Evite trampas tur\u00edsticas:<\/strong> Descubra lugares aut\u00e9nticos y evite lugares superpoblados y comerciales.<\/li>\n\n\n\n<li><strong>Descubra tesoros escondidos:<\/strong> Acceda a lugares que la mayor\u00eda de los turistas no conoce.<\/li>\n\n\n\n<li><strong>Inmersi\u00f3n cultural:<\/strong> Sum\u00e9rjase en la verdadera cultura alemana con experiencias \u00fanicas.<\/li>\n\n\n\n<li><strong>Conocimiento local:<\/strong> Aproveche la experiencia de nuestros gu\u00edas locales.<\/li>\n\n\n\n<li><strong>Acompa\u00f1amiento por gu\u00edas oficiales y experimentados:<\/strong> Reciba informaci\u00f3n detallada y conocimientos valiosos en cada destino.<\/li>\n\n\n\n<li><strong>Optimizaci\u00f3n de tiempo y esfuerzo:<\/strong> Maximice su tiempo, aprovechando lo mejor en cada parada.<\/li>\n\n\n\n<li><strong>Flexibilidad:<\/strong> Altere sus planes seg\u00fan sea necesario, con nuestro soporte adaptable.<\/li>\n\n\n\n<li><strong>Maximizaci\u00f3n de la inversi\u00f3n:<\/strong> Aseg\u00farese de que cada c\u00e9ntimo gastado valga la pena.<\/li>\n\n\n\n<li><strong>Satisfacci\u00f3n garantizada:<\/strong> Nuestro compromiso es con su experiencia inolvidable.<\/li>\n<\/ul>\n\n\n\n<h2 class=\"wp-block-heading\" id=\"h-viagem-personalizada-pela-alemanha\">VIAJE PERSONALIZADO POR ALEMANIA<\/h2>\n\n\n\n<p>Adem\u00e1s de estas ventajas, nuestro servicio se destaca con el <strong>Servicio de conserjer\u00eda exclusivo<\/strong>. Estamos a su disposici\u00f3n 24\/7 a trav\u00e9s de WhatsApp para ayudarle con imprevistos, hacer reservas de restaurantes y brindarle apoyo en situaciones de emergencia. Nuestra <strong>consultor\u00eda de viaje para Alemania<\/strong> asegura que cada detalle sea atendido, para que pueda relajarse y disfrutar del viaje.  <\/p>\n\n\n\n<p>Combine su viaje por Alemania con regiones vecinas como Alsacia, el norte de Italia, Suiza y Austria para una experiencia a\u00fan m\u00e1s enriquecedora.<\/p>\n\n\n\n<p>Viaje sin preocupaciones. Descubra Alemania como nunca antes, con especialistas que no solo conocen, sino que viven la cultura e historia de este pa\u00eds magn\u00edfico. P\u00f3ngase en contacto e inicie su viaje personalizado con nosotros.  <\/p>\n\n\n\n<p><\/p>\n<\/div>\n<\/div>\n","protected":false},"excerpt":{"rendered":"<p>Transforme su viaje a Alemania con nuestro servicio exclusivo de consultor\u00eda Cuando pensamos en turismo en Alemania, a menudo imaginamos los famosos castillos, paisajes id\u00edlicos y rica historia. Sin embargo, para realmente sumergirse y aprovechar cada momento, es crucial contar con el apoyo adecuado. Ah\u00ed es donde entramos nosotros. 12 VENTAJAS EXCLUSIVAS DE NUESTROS SERVICIOS: [&hellip;]<\/p>\n","protected":false},"author":1,"featured_media":0,"parent":0,"menu_order":0,"comment_status":"closed","ping_status":"closed","template":"","meta":{"_acf_changed":false,"tripadvisor_id":"","rating":0,"reviewer_name":"","review_date":"","trip_type":"","helpful_votes":0,"source_url":"","reviewer_gravatar":"","review_type":"","footnotes":""},"class_list":["post-53810","page","type-page","status-publish","hentry"],"acf":[],"_links":{"self":[{"href":"https:\/\/viagemalemanha.com\/es\/wp-json\/wp\/v2\/pages\/53810","targetHints":{"allow":["GET"]}}],"collection":[{"href":"https:\/\/viagemalemanha.com\/es\/wp-json\/wp\/v2\/pages"}],"about":[{"href":"https:\/\/viagemalemanha.com\/es\/wp-json\/wp\/v2\/types\/page"}],"author":[{"embeddable":true,"href":"https:\/\/viagemalemanha.com\/es\/wp-json\/wp\/v2\/users\/1"}],"replies":[{"embeddable":true,"href":"https:\/\/viagemalemanha.com\/es\/wp-json\/wp\/v2\/comments?post=53810"}],"version-history":[{"count":2,"href":"https:\/\/viagemalemanha.com\/es\/wp-json\/wp\/v2\/pages\/53810\/revisions"}],"predecessor-version":[{"id":72934,"href":"https:\/\/viagemalemanha.com\/es\/wp-json\/wp\/v2\/pages\/53810\/revisions\/72934"}],"wp:attachment":[{"href":"https:\/\/viagemalemanha.com\/es\/wp-json\/wp\/v2\/media?parent=53810"}],"curies":[{"name":"wp","href":"https:\/\/api.w.org\/{rel}","templated":true}]}}