{"id":53814,"date":"2025-11-06T12:44:23","date_gmt":"2025-11-06T15:44:23","guid":{"rendered":"https:\/\/viagemalemanha.com\/maraton-de-berlin-2024-con-soporte-en-espanol\/"},"modified":"2026-01-23T19:51:59","modified_gmt":"2026-01-23T22:51:59","slug":"maraton-de-berlin-2024-con-soporte-en-espanol","status":"publish","type":"page","link":"https:\/\/viagemalemanha.com\/es\/maraton-de-berlin-2024-con-soporte-en-espanol\/","title":{"rendered":"Marat\u00f3n de Berl\u00edn 2024 con soporte en espa\u00f1ol"},"content":{"rendered":"\n<div class=\"gb-element-c5464113\">\n<div class=\"gb-element-77beedb6\">\n<h1 class=\"wp-block-heading\">La experiencia definitiva: Corriendo la <a href=\"https:\/\/www.bmw-berlin-marathon.com\/\" target=\"_blank\" rel=\"noreferrer noopener\">Marat\u00f3n de Berl\u00edn<\/a><\/h1>\n\n\n\n<p><strong>En 1990, apenas tres d\u00edas despu\u00e9s de la ca\u00edda del Muro de Berl\u00edn, 25.000 corredores corrieron a trav\u00e9s de la Puerta de Brandeburgo, simbolizando unidad y libertad en esta marat\u00f3n<\/strong><\/p>\n\n\n\n<p>La <strong>Marat\u00f3n de Berl\u00edn<\/strong> es m\u00e1s que una carrera. Es una experiencia cultural emocionante, un desaf\u00edo personal y una oportunidad para ver una de las ciudades m\u00e1s fascinantes del mundo desde una perspectiva \u00fanica. Atrayendo a corredores de todos los rincones del planeta, esta carrera ic\u00f3nica atraviesa el coraz\u00f3n de Berl\u00edn, una ciudad rica en historia, cultura y belleza esc\u00e9nica.  <\/p>\n\n\n\n<h2 class=\"wp-block-heading\">La marat\u00f3n: un desaf\u00edo personal y una fiesta global<\/h2>\n\n\n\n<p>La Marat\u00f3n de Berl\u00edn es famosa por ser plana y r\u00e1pida, siendo el escenario de varios r\u00e9cords mundiales. Correr la Marat\u00f3n de Berl\u00edn no se trata solo de alcanzar un nuevo r\u00e9cord personal, sino tambi\u00e9n de formar parte de una celebraci\u00f3n global. Corredores de todas las habilidades y or\u00edgenes se unen para experimentar la camarader\u00eda, el esp\u00edritu competitivo y la alegr\u00eda de este evento.  <\/p>\n\n\n\n<figure class=\"wp-block-image alignnone size-large wp-image-3784\"><img decoding=\"async\" width=\"1024\" height=\"682\" src=\"https:\/\/viagemalemanha.com\/wp-content\/uploads\/2025\/11\/marathon-ge81e91187_1280-1024x682.jpg\" alt=\"\" class=\"wp-image-10185\" srcset=\"https:\/\/viagemalemanha.com\/wp-content\/uploads\/2025\/11\/marathon-ge81e91187_1280-1024x682.jpg 1024w, https:\/\/viagemalemanha.com\/wp-content\/uploads\/2025\/11\/marathon-ge81e91187_1280-300x200.jpg 300w, https:\/\/viagemalemanha.com\/wp-content\/uploads\/2025\/11\/marathon-ge81e91187_1280-768x512.jpg 768w, https:\/\/viagemalemanha.com\/wp-content\/uploads\/2025\/11\/marathon-ge81e91187_1280.jpg 1280w\" sizes=\"(max-width: 1024px) 100vw, 1024px\" \/><figcaption class=\"wp-element-caption\">Marat\u00f3n en Berl\u00edn, Alemania <em>(<\/em>Imagen de modi74 por Pixabay)<\/figcaption><\/figure>\n\n\n\n<p>La historia de la Marat\u00f3n de Berl\u00edn comenz\u00f3 en 1974, con su primera edici\u00f3n ocurriendo en el bosque de Grunewald. Fue solamente en 1981 que la marat\u00f3n transit\u00f3 a las calles de la ciudad, donde permanece hasta hoy. <\/p>\n\n\n\n<p>Un dato interesante sobre la Marat\u00f3n de Berl\u00edn es que es renombrada por su recorrido r\u00e1pido y plano: es la carrera donde la mayor\u00eda de los r\u00e9cords mundiales masculinos de marat\u00f3n han sido establecidos.<\/p>\n\n\n\n<p>Una de las caracter\u00edsticas \u00fanicas de la carrera es su l\u00ednea azul pintada en la carretera, indicando la ruta m\u00e1s corta que los corredores pueden seguir para terminar la marat\u00f3n.<\/p>\n\n\n\n<h2 class=\"wp-block-heading\">Prepar\u00e1ndose para la carrera<\/h2>\n\n\n\n<p>Antes del gran d\u00eda, es importante mantener la forma y la flexibilidad. Para ello, vamos a orientarle hacia los mejores parques para entrenar pre-carrera, locales para hacer soltura muscular y los gimnasios m\u00e1s cercanos a su hotel. Estamos aqu\u00ed para garantizar que su experiencia en la Marat\u00f3n de Berl\u00edn sea la mejor posible.  <\/p>\n\n\n\n<h2 class=\"wp-block-heading\">Un viaje m\u00e1s all\u00e1 de <a href=\"https:\/\/viagemalemanha.com\/5-atracoes-especiais-em-berlim\/\" target=\"_blank\" rel=\"noreferrer noopener\">Berl\u00edn<\/a><\/h2>\n\n\n\n<p>Alemania es un pa\u00eds de rica diversidad y belleza impresionante. Si bien la Marat\u00f3n de Berl\u00edn puede ser el punto culminante de su viaje, no tiene por qu\u00e9 ser la \u00fanica aventura. Ofrecemos servicios en toda Alemania y podemos personalizar su itinerario para incluir visitas a otras ciudades, como Fr\u00e1ncfort, M\u00fanich y Hamburgo, o explorar la belleza natural de la Selva Negra o la regi\u00f3n vin\u00edcola del Rin.  <\/p>\n\n\n\n<figure class=\"wp-block-gallery has-nested-images columns-3 is-cropped wp-block-gallery-1 is-layout-flex wp-block-gallery-is-layout-flex\">\n<figure class=\"wp-block-image size-large\"><img decoding=\"async\" width=\"1024\" height=\"682\" data-id=\"10186\" src=\"https:\/\/viagemalemanha.com\/wp-content\/uploads\/2025\/11\/frankfurt-gcee578a95_1280-1024x682.jpg\" alt=\"fr&#xE1;ncfort, alemania\" class=\"wp-image-10186\" srcset=\"https:\/\/viagemalemanha.com\/wp-content\/uploads\/2025\/11\/frankfurt-gcee578a95_1280-1024x682.jpg 1024w, https:\/\/viagemalemanha.com\/wp-content\/uploads\/2025\/11\/frankfurt-gcee578a95_1280-300x200.jpg 300w, https:\/\/viagemalemanha.com\/wp-content\/uploads\/2025\/11\/frankfurt-gcee578a95_1280-768x512.jpg 768w, https:\/\/viagemalemanha.com\/wp-content\/uploads\/2025\/11\/frankfurt-gcee578a95_1280.jpg 1280w\" sizes=\"(max-width: 1024px) 100vw, 1024px\" \/><figcaption class=\"wp-element-caption\">Fr\u00e1ncfort (Imagen de Michael por Pixabay)<\/figcaption><\/figure>\n\n\n\n<figure class=\"wp-block-image size-large\"><img decoding=\"async\" width=\"1024\" height=\"577\" data-id=\"8588\" src=\"https:\/\/viagemalemanha.com\/wp-content\/uploads\/2025\/05\/passeios-em-munique-catalogo-completo-com-guia-brasileiro-na-alemanha-5458-1024x577.jpg\" alt=\"\" class=\"wp-image-8588\" srcset=\"https:\/\/viagemalemanha.com\/wp-content\/uploads\/2025\/05\/passeios-em-munique-catalogo-completo-com-guia-brasileiro-na-alemanha-5458-1024x577.jpg 1024w, https:\/\/viagemalemanha.com\/wp-content\/uploads\/2025\/05\/passeios-em-munique-catalogo-completo-com-guia-brasileiro-na-alemanha-5458-300x169.jpg 300w, https:\/\/viagemalemanha.com\/wp-content\/uploads\/2025\/05\/passeios-em-munique-catalogo-completo-com-guia-brasileiro-na-alemanha-5458-768x433.jpg 768w, https:\/\/viagemalemanha.com\/wp-content\/uploads\/2025\/05\/passeios-em-munique-catalogo-completo-com-guia-brasileiro-na-alemanha-5458.jpg 1280w\" sizes=\"(max-width: 1024px) 100vw, 1024px\" \/><figcaption class=\"wp-element-caption\">M\u00fanich (Imagen de Michael por Pixabay)<\/figcaption><\/figure>\n\n\n\n<figure class=\"wp-block-image size-large\"><img decoding=\"async\" width=\"1024\" height=\"682\" data-id=\"10187\" src=\"https:\/\/viagemalemanha.com\/wp-content\/uploads\/2025\/11\/hamburg-g9a65fca72_1280-1024x682.jpg\" alt=\"\" class=\"wp-image-10187\" srcset=\"https:\/\/viagemalemanha.com\/wp-content\/uploads\/2025\/11\/hamburg-g9a65fca72_1280-1024x682.jpg 1024w, https:\/\/viagemalemanha.com\/wp-content\/uploads\/2025\/11\/hamburg-g9a65fca72_1280-300x200.jpg 300w, https:\/\/viagemalemanha.com\/wp-content\/uploads\/2025\/11\/hamburg-g9a65fca72_1280-768x512.jpg 768w, https:\/\/viagemalemanha.com\/wp-content\/uploads\/2025\/11\/hamburg-g9a65fca72_1280.jpg 1280w\" sizes=\"(max-width: 1024px) 100vw, 1024px\" \/><figcaption class=\"wp-element-caption\">Hamburgo (Imagen de guentherlig por Pixabay)<\/figcaption><\/figure>\n<\/figure>\n\n\n\n<h2 class=\"wp-block-heading\">Para parejas: Una experiencia compartida<\/h2>\n\n\n\n<p>Correr la Marat\u00f3n de Berl\u00edn con su pareja es una experiencia compartida que recordar\u00e1n para siempre. Pero la carrera es solo una parte del viaje. Viagem Alemanha les ayudar\u00e1 a aprovechar al m\u00e1ximo su tiempo juntos en Alemania. <strong>Podemos organizar visitas a lugares hist\u00f3ricos, cenas rom\u00e1nticas, paseos por museos e incluso una escapada al tranquilo campo alem\u00e1n<\/strong>. Esta es la oportunidad perfecta para fortalecer su v\u00ednculo mientras exploran juntos nuevos paisajes, sabores y experiencias.   <\/p>\n\n\n\n<p>Ya sea un corredor experimentado, un principiante en la marat\u00f3n o una pareja que busca una aventura \u00fanica, estamos seguros de que Viagem Alemanha puede crear la experiencia perfecta de la Marat\u00f3n de Berl\u00edn para usted. P\u00f3ngase en contacto con nosotros hoy mismo para comenzar a planificar su viaje inolvidable. <\/p>\n\n\n\n<p><a href=\"mailto:viagem@viagemalemanha.com\">viagem@viagemalemanha.com<\/a><\/p>\n\n\n\n<p><a href=\"https:\/\/viagemalemanha.com\/as-melhores-maratonas-da-alemanha-com-quem-conhece-da-alemanha\/\" target=\"_blank\" rel=\"noreferrer noopener\">Conozca aqu\u00ed un poco m\u00e1s sobre otras maratones que atendemos y nuestros servicios.<\/a><\/p>\n\n\n\n<h2 class=\"wp-block-heading\">Lo que sucedi\u00f3 en la Marat\u00f3n de Berl\u00edn 2023: Ruptura de r\u00e9cords incre\u00edbles<\/h2>\n\n\n\n<p>La edici\u00f3n de 2023 de la Marat\u00f3n de Berl\u00edn fue un evento marcante con r\u00e9cords impresionantes. La atleta Tigst Assefa, de Etiop\u00eda, hizo historia al establecer un nuevo r\u00e9cord mundial femenino, completando la marat\u00f3n en impresionantes 2:11:53. Este tiempo espectacular super\u00f3 el r\u00e9cord anterior de 2:14:04, establecido por Brigid Kosgei, de Kenia, en 2019, en la Marat\u00f3n de Chicago. La realizaci\u00f3n de Assefa no solo es un hito personal, sino tambi\u00e9n un momento de gran significado en el mundo del atletismo.   <\/p>\n\n\n\n<p>Adem\u00e1s, la maratonista e<strong>n silla de ruedas, Catherine Debrunner,<\/strong> brill\u00f3 al vencer la competici\u00f3n femenina en la categor\u00eda de silla de ruedas, con un tiempo r\u00e9cord de 1:34:16. Ese hecho extraordinario a\u00f1ade m\u00e1s un cap\u00edtulo de \u00e9xito a la Marat\u00f3n de Berl\u00edn, conocida por sus r\u00e1pidas y planas rutas, ideales para la ruptura de r\u00e9cords. <\/p>\n\n\n\n<p>Estas conquistas destacan la Marat\u00f3n de Berl\u00edn como uno de los eventos m\u00e1s importantes en el calendario global de maratones, atrayendo a atletas de \u00e9lite que buscan superar sus l\u00edmites y hacer historia.<\/p>\n<\/div>\n<\/div>\n","protected":false},"excerpt":{"rendered":"<p>La experiencia definitiva: Corriendo la Marat\u00f3n de Berl\u00edn En 1990, apenas tres d\u00edas despu\u00e9s de la ca\u00edda del Muro de Berl\u00edn, 25.000 corredores corrieron a trav\u00e9s de la Puerta de Brandeburgo, simbolizando unidad y libertad en esta marat\u00f3n La Marat\u00f3n de Berl\u00edn es m\u00e1s que una carrera. Es una experiencia cultural emocionante, un desaf\u00edo personal [&hellip;]<\/p>\n","protected":false},"author":1,"featured_media":53774,"parent":0,"menu_order":0,"comment_status":"closed","ping_status":"closed","template":"","meta":{"_acf_changed":false,"tripadvisor_id":"","rating":0,"reviewer_name":"","review_date":"","trip_type":"","helpful_votes":0,"source_url":"","reviewer_gravatar":"","review_type":"","footnotes":""},"class_list":["post-53814","page","type-page","status-publish","has-post-thumbnail","hentry"],"acf":[],"_links":{"self":[{"href":"https:\/\/viagemalemanha.com\/es\/wp-json\/wp\/v2\/pages\/53814","targetHints":{"allow":["GET"]}}],"collection":[{"href":"https:\/\/viagemalemanha.com\/es\/wp-json\/wp\/v2\/pages"}],"about":[{"href":"https:\/\/viagemalemanha.com\/es\/wp-json\/wp\/v2\/types\/page"}],"author":[{"embeddable":true,"href":"https:\/\/viagemalemanha.com\/es\/wp-json\/wp\/v2\/users\/1"}],"replies":[{"embeddable":true,"href":"https:\/\/viagemalemanha.com\/es\/wp-json\/wp\/v2\/comments?post=53814"}],"version-history":[{"count":1,"href":"https:\/\/viagemalemanha.com\/es\/wp-json\/wp\/v2\/pages\/53814\/revisions"}],"predecessor-version":[{"id":53815,"href":"https:\/\/viagemalemanha.com\/es\/wp-json\/wp\/v2\/pages\/53814\/revisions\/53815"}],"wp:featuredmedia":[{"embeddable":true,"href":"https:\/\/viagemalemanha.com\/es\/wp-json\/wp\/v2\/media\/53774"}],"wp:attachment":[{"href":"https:\/\/viagemalemanha.com\/es\/wp-json\/wp\/v2\/media?parent=53814"}],"curies":[{"name":"wp","href":"https:\/\/api.w.org\/{rel}","templated":true}]}}