{"id":53818,"date":"2025-04-01T11:40:18","date_gmt":"2025-04-01T14:40:18","guid":{"rendered":"https:\/\/viagemalemanha.com\/contacto\/"},"modified":"2026-01-23T19:52:10","modified_gmt":"2026-01-23T22:52:10","slug":"contacto","status":"publish","type":"page","link":"https:\/\/viagemalemanha.com\/es\/contacto\/","title":{"rendered":"Contacto"},"content":{"rendered":"\n<div class=\"gb-element-2593c2ba\">\n<div class=\"gb-element-d57ba0b5\">\n<p class=\"gb-text gb-text-1d30d5da\">P\u00f3ngase en contacto a trav\u00e9s de nuestro correo electr\u00f3nico:<br><a href=\"mailto:viagem@viagemalemanha.com\">viagem@viagemalemanha.com<\/a><\/p>\n\n\n<style id=\"wpforms-css-vars-6675-block-93017f2f-845d-4d18-8f91-c8d4207164de\">\n\t\t\t\t#wpforms-6675.wpforms-block-93017f2f-845d-4d18-8f91-c8d4207164de {\n\t\t\t\t--wpforms-label-color: #262626;\n--wpforms-label-sublabel-color: #7f7f7f;\n--wpforms-label-error-color: #ff0000;\n--wpforms-page-break-color: #dddddd;\n--wpforms-field-border-radius: 0px;\n--wpforms-field-border-color: #cccccc;\n--wpforms-field-border-color-spare: #cccccc;\n--wpforms-field-text-color: #444444;\n--wpforms-button-border-style: solid;\n--wpforms-button-border-radius: 0px;\n--wpforms-button-background-color: #FFCC00;\n--wpforms-button-text-color: #232323;\n--wpforms-button-border-color: #FFCC00;\n--wpforms-field-size-input-height: 50px;\n--wpforms-field-size-input-spacing: 20px;\n--wpforms-field-size-font-size: 18px;\n--wpforms-field-size-line-height: 21px;\n--wpforms-field-size-padding-h: 14px;\n--wpforms-field-size-checkbox-size: 18px;\n--wpforms-field-size-sublabel-spacing: 10px;\n--wpforms-field-size-icon-size: 1.25;\n--wpforms-label-size-font-size: 18px;\n--wpforms-label-size-line-height: 21px;\n--wpforms-label-size-sublabel-font-size: 16px;\n--wpforms-label-size-sublabel-line-height: 19px;\n--wpforms-button-size-font-size: 20px;\n--wpforms-button-size-height: 48px;\n--wpforms-button-size-padding-h: 20px;\n--wpforms-button-size-margin-top: 15px;\n--wpforms-container-shadow-size-box-shadow: none;\n\t\t\t}\n\t\t\t<\/style><div class=\"wpforms-container wpforms-container-full wpforms-container-save-resume wpforms-block wpforms-block-93017f2f-845d-4d18-8f91-c8d4207164de wpforms-render-modern\" id=\"wpforms-6675\"><form id=\"wpforms-form-6675\" class=\"wpforms-validate wpforms-form\" data-formid=\"6675\" method=\"post\" enctype=\"multipart\/form-data\" action=\"\/es\/wp-json\/wp\/v2\/pages\/53818\" data-token=\"774dbf15219b5ce473964e997478e235\" data-token-time=\"1775316373\"><noscript class=\"wpforms-error-noscript\">Por favor, activa JavaScript en tu navegador para completar este formulario.<\/noscript><div id=\"wpforms-error-noscript\" style=\"display: none;\">Por favor, activa JavaScript en tu navegador para completar este formulario.<\/div><div class=\"wpforms-field-container\"><div id=\"wpforms-6675-field_0-container\" class=\"wpforms-field wpforms-field-name\" data-field-type=\"name\" data-field-id=\"0\"><label class=\"wpforms-field-label\" for=\"wpforms-6675-field_0\">Nombre <span class=\"wpforms-required-label\" aria-hidden=\"true\">*<\/span><\/label><input type=\"text\" id=\"wpforms-6675-field_0\" class=\"wpforms-field-large wpforms-field-required\" name=\"wpforms[fields][0]\" aria-errormessage=\"wpforms-6675-field_0-error\" required><\/div>\t\t<div id=\"wpforms-6675-field_3-container\"\n\t\t\tclass=\"wpforms-field wpforms-field-text\"\n\t\t\tdata-field-type=\"text\"\n\t\t\tdata-field-id=\"3\"\n\t\t\t>\n\t\t\t<label class=\"wpforms-field-label\" for=\"wpforms-6675-field_3\" >usted \u00bfLes euros)<\/label>\n\t\t\t<input type=\"text\" id=\"wpforms-6675-field_3\" class=\"wpforms-field-medium\" name=\"wpforms[fields][3]\" >\n\t\t<\/div>\n\t\t<div id=\"wpforms-6675-field_1-container\" class=\"wpforms-field wpforms-field-email\" data-field-type=\"email\" data-field-id=\"1\"><label class=\"wpforms-field-label\" for=\"wpforms-6675-field_1\">Correo electr\u00f3nico <span class=\"wpforms-required-label\" aria-hidden=\"true\">*<\/span><\/label><input type=\"email\" id=\"wpforms-6675-field_1\" class=\"wpforms-field-large wpforms-field-required\" name=\"wpforms[fields][1]\" spellcheck=\"false\" aria-errormessage=\"wpforms-6675-field_1-error\" required><\/div><div id=\"wpforms-6675-field_23-container\" class=\"wpforms-field wpforms-field-phone\" data-field-type=\"phone\" data-field-id=\"23\"><label class=\"wpforms-field-label\" for=\"wpforms-6675-field_23\">Tel\u00e9fono con c\u00f3digo de \u00e1rea <span class=\"wpforms-required-label\" aria-hidden=\"true\">*<\/span><\/label><input type=\"tel\" id=\"wpforms-6675-field_23\" class=\"wpforms-field-medium wpforms-field-required\" data-rule-int-phone-field=\"true\" name=\"wpforms[fields][23]\" value=\"+55\" aria-label=\"Tel\u00e9fono con c\u00f3digo de \u00e1rea\" aria-errormessage=\"wpforms-6675-field_23-error\" required><\/div><div id=\"wpforms-6675-field_28-container\" class=\"wpforms-field wpforms-field-checkbox\" data-field-type=\"checkbox\" data-field-id=\"28\"><fieldset><legend class=\"wpforms-field-label\">\u00bfAd\u00f3nde quiere viajar?<\/legend><ul id=\"wpforms-6675-field_28\"><li class=\"choice-4 depth-1\"><input type=\"checkbox\" id=\"wpforms-6675-field_28_4\" name=\"wpforms[fields][28][]\" value=\"Alemania\" aria-errormessage=\"wpforms-6675-field_28_4-error\"  ><label class=\"wpforms-field-label-inline\" for=\"wpforms-6675-field_28_4\">Alemania<\/label><\/li><li class=\"choice-1 depth-1\"><input type=\"checkbox\" id=\"wpforms-6675-field_28_1\" name=\"wpforms[fields][28][]\" value=\"Austria\" aria-errormessage=\"wpforms-6675-field_28_1-error\"  ><label class=\"wpforms-field-label-inline\" for=\"wpforms-6675-field_28_1\">Austria<\/label><\/li><li class=\"choice-2 depth-1\"><input type=\"checkbox\" id=\"wpforms-6675-field_28_2\" name=\"wpforms[fields][28][]\" value=\"Suiza\" aria-errormessage=\"wpforms-6675-field_28_2-error\"  ><label class=\"wpforms-field-label-inline\" for=\"wpforms-6675-field_28_2\">Suiza<\/label><\/li><li class=\"choice-3 depth-1\"><input type=\"checkbox\" id=\"wpforms-6675-field_28_3\" name=\"wpforms[fields][28][]\" value=\"Norte de Italia\" aria-errormessage=\"wpforms-6675-field_28_3-error\"  ><label class=\"wpforms-field-label-inline\" for=\"wpforms-6675-field_28_3\">Norte de Italia<\/label><\/li><li class=\"choice-5 depth-1\"><input type=\"checkbox\" id=\"wpforms-6675-field_28_5\" name=\"wpforms[fields][28][]\" value=\"Otros\" aria-errormessage=\"wpforms-6675-field_28_5-error\"  ><label class=\"wpforms-field-label-inline\" for=\"wpforms-6675-field_28_5\">Otros<\/label><\/li><\/ul><\/fieldset><\/div><div id=\"wpforms-6675-field_13-container\" class=\"wpforms-field wpforms-field-checkbox wpforms-list-2-columns\" data-field-type=\"checkbox\" data-field-id=\"13\"><fieldset><legend class=\"wpforms-field-label\">\u00bfLes gustar\u00eda nuestra ayuda?<\/legend><ul id=\"wpforms-6675-field_13\"><li class=\"choice-2 depth-1\"><input type=\"checkbox\" id=\"wpforms-6675-field_13_2\" name=\"wpforms[fields][13][]\" value=\"Viaje completo (nos encargamos de todo)\" aria-errormessage=\"wpforms-6675-field_13_2-error\"  ><label class=\"wpforms-field-label-inline\" for=\"wpforms-6675-field_13_2\">Viaje completo (nos encargamos de todo)<\/label><\/li><li class=\"choice-3 depth-1\"><input type=\"checkbox\" id=\"wpforms-6675-field_13_3\" name=\"wpforms[fields][13][]\" value=\"Gu\u00edas locales en espa\u00f1ol\" aria-errormessage=\"wpforms-6675-field_13_3-error\"  ><label class=\"wpforms-field-label-inline\" for=\"wpforms-6675-field_13_3\">Gu\u00edas locales en espa\u00f1ol<\/label><\/li><li class=\"choice-4 depth-1\"><input type=\"checkbox\" id=\"wpforms-6675-field_13_4\" name=\"wpforms[fields][13][]\" value=\"Solo transporte\" aria-errormessage=\"wpforms-6675-field_13_4-error\"  ><label class=\"wpforms-field-label-inline\" for=\"wpforms-6675-field_13_4\">Solo transporte<\/label><\/li><li class=\"choice-1 depth-1\"><input type=\"checkbox\" id=\"wpforms-6675-field_13_1\" name=\"wpforms[fields][13][]\" value=\"Ruta personalizada\" aria-errormessage=\"wpforms-6675-field_13_1-error\"  ><label class=\"wpforms-field-label-inline\" for=\"wpforms-6675-field_13_1\">Ruta personalizada<\/label><\/li><\/ul><\/fieldset><\/div><div id=\"wpforms-6675-field_21-container\" class=\"wpforms-field wpforms-field-layout\" data-field-type=\"layout\" data-field-id=\"21\"><div class=\"wpforms-field-layout-rows wpforms-field-large\"><div class=\"wpforms-layout-row\"><div class=\"wpforms-layout-column wpforms-layout-column-50\"><div id=\"wpforms-6675-field_18-container\" class=\"wpforms-field wpforms-field-select wpforms-field-select-style-classic\" data-field-type=\"select\" data-field-id=\"18\"><label class=\"wpforms-field-label\" for=\"wpforms-6675-field_18\">N\u00famero de viajeros<\/label><select id=\"wpforms-6675-field_18\" class=\"wpforms-field-small\" name=\"wpforms[fields][18]\"><option value=\"1\"  class=\"choice-1 depth-1\"  >1<\/option><option value=\"2\"  class=\"choice-2 depth-1\"  >2<\/option><option value=\"3\"  class=\"choice-3 depth-1\"  >3<\/option><option value=\"4\"  class=\"choice-4 depth-1\"  >4<\/option><option value=\"5\"  class=\"choice-5 depth-1\"  >5<\/option><option value=\"6\"  class=\"choice-6 depth-1\"  >6<\/option><option value=\"7\"  class=\"choice-7 depth-1\"  >7<\/option><option value=\"8\"  class=\"choice-8 depth-1\"  >8<\/option><option value=\"9\"  class=\"choice-9 depth-1\"  >9<\/option><option value=\"10 o m\u00e1s\"  class=\"choice-10 depth-1\"  >10 o m\u00e1s<\/option><\/select><\/div><\/div><div class=\"wpforms-layout-column wpforms-layout-column-50\"><div id=\"wpforms-6675-field_20-container\" class=\"wpforms-field wpforms-field-checkbox\" data-field-type=\"checkbox\" data-field-id=\"20\"><fieldset><legend class=\"wpforms-field-label\">\u00bfC\u00f3mo lleg\u00f3 hasta aqu\u00ed?<\/legend><ul id=\"wpforms-6675-field_20\"><li class=\"choice-1 depth-1\"><input type=\"checkbox\" id=\"wpforms-6675-field_20_1\" name=\"wpforms[fields][20][]\" value=\"Google, Bing, Yahoo...\" aria-errormessage=\"wpforms-6675-field_20_1-error\"  ><label class=\"wpforms-field-label-inline\" for=\"wpforms-6675-field_20_1\">Google, Bing, Yahoo&#8230;<\/label><\/li><li class=\"choice-2 depth-1\"><input type=\"checkbox\" id=\"wpforms-6675-field_20_2\" name=\"wpforms[fields][20][]\" value=\"Instagram, Facebook\" aria-errormessage=\"wpforms-6675-field_20_2-error\"  ><label class=\"wpforms-field-label-inline\" for=\"wpforms-6675-field_20_2\">Instagram, Facebook<\/label><\/li><li class=\"choice-3 depth-1\"><input type=\"checkbox\" id=\"wpforms-6675-field_20_3\" name=\"wpforms[fields][20][]\" value=\"Otros\" aria-errormessage=\"wpforms-6675-field_20_3-error\"  ><label class=\"wpforms-field-label-inline\" for=\"wpforms-6675-field_20_3\">Otros<\/label><\/li><\/ul><\/fieldset><\/div><\/div><\/div><div class=\"wpforms-layout-row\"><div class=\"wpforms-layout-column wpforms-layout-column-50\"><div id=\"wpforms-6675-field_31-container\" class=\"wpforms-field wpforms-field-select wpforms-field-select-style-classic\" data-field-type=\"select\" data-field-id=\"31\"><label class=\"wpforms-field-label\" for=\"wpforms-6675-field_31\">Presupuesto estimado total para el viaje (en euros)<\/label><select id=\"wpforms-6675-field_31\" class=\"wpforms-field-medium\" name=\"wpforms[fields][31]\"><option value=\"Hasta 3.000 \u20ac\"  class=\"choice-1 depth-1\"  >Hasta 3.000 \u20ac<\/option><option value=\"3.001 \u20ac a 5.000 \u20ac\"  class=\"choice-2 depth-1\"  >3.001 \u20ac a 5.000 \u20ac<\/option><option value=\"5.001 \u20ac a 8.000 \u20ac\"  class=\"choice-3 depth-1\"  >5.001 \u20ac a 8.000 \u20ac<\/option><option value=\"8.001 \u20ac a 13.000 \u20ac\"  class=\"choice-4 depth-1\"  >8.001 \u20ac a 13.000 \u20ac<\/option><option value=\"13.001 \u20ac a 18.000 \u20ac\"  class=\"choice-5 depth-1\"  >13.001 \u20ac a 18.000 \u20ac<\/option><option value=\"18.001 \u20ac a 23.000 \u20ac\"  class=\"choice-6 depth-1\"  >18.001 \u20ac a 23.000 \u20ac<\/option><option value=\"23.001 \u20ac a 28.000 \u20ac\"  class=\"choice-7 depth-1\"  >23.001 \u20ac a 28.000 \u20ac<\/option><option value=\"28.001 \u20ac a 33.000 \u20ac\"  class=\"choice-8 depth-1\"  >28.001 \u20ac a 33.000 \u20ac<\/option><option value=\"33.001 \u20ac a 38.000 \u20ac\"  class=\"choice-9 depth-1\"  >33.001 \u20ac a 38.000 \u20ac<\/option><option value=\"38.001 \u20ac a 43.000 \u20ac\"  class=\"choice-10 depth-1\"  >38.001 \u20ac a 43.000 \u20ac<\/option><option value=\"M\u00e1s de 43.000 \u20ac\"  class=\"choice-11 depth-1\"  >M\u00e1s de 43.000 \u20ac<\/option><\/select><\/div><\/div><div class=\"wpforms-layout-column wpforms-layout-column-50\"><\/div><\/div><div class=\"wpforms-layout-row\"><div class=\"wpforms-layout-column wpforms-layout-column-50\"><div id=\"wpforms-6675-field_2-container\" class=\"wpforms-field wpforms-field-textarea\" data-field-type=\"textarea\" data-field-id=\"2\"><label class=\"wpforms-field-label\" for=\"wpforms-6675-field_2\">Comentario: cu\u00e9ntenos un poco m\u00e1s sobre usted y sus planes de viaje. <span class=\"wpforms-required-label\" aria-hidden=\"true\">*<\/span><\/label><textarea id=\"wpforms-6675-field_2\" class=\"wpforms-field-medium wpforms-field-required\" name=\"wpforms[fields][2]\" aria-errormessage=\"wpforms-6675-field_2-error\" required><\/textarea><\/div><\/div><div class=\"wpforms-layout-column wpforms-layout-column-50\"><\/div><\/div><div class=\"wpforms-layout-row\"><div class=\"wpforms-layout-column wpforms-layout-column-50\"><div id=\"wpforms-6675-field_24-container\" class=\"wpforms-field wpforms-field-hidden\" data-field-type=\"hidden\" data-field-id=\"24\"><input type=\"hidden\" id=\"wpforms-6675-field_24\" name=\"wpforms[fields][24]\" value=\"https:\/\/viagemalemanha.com\/es\/wp-json\/wp\/v2\/pages\/53818\"><\/div><\/div><div class=\"wpforms-layout-column wpforms-layout-column-50\"><\/div><\/div><div class=\"wpforms-layout-row\"><div class=\"wpforms-layout-column wpforms-layout-column-50\"><div id=\"wpforms-6675-field_25-container\" class=\"wpforms-field wpforms-field-hidden\" data-field-type=\"hidden\" data-field-id=\"25\"><input type=\"hidden\" id=\"wpforms-6675-field_25\" name=\"wpforms[fields][25]\"><\/div><\/div><div class=\"wpforms-layout-column wpforms-layout-column-50\"><\/div><\/div><div class=\"wpforms-layout-row\"><div class=\"wpforms-layout-column wpforms-layout-column-50\"><div id=\"wpforms-6675-field_33-container\" class=\"wpforms-field wpforms-field-hidden\" data-field-type=\"hidden\" data-field-id=\"33\"><input type=\"hidden\" id=\"wpforms-6675-field_33\" name=\"wpforms[fields][33]\"><\/div><\/div><div class=\"wpforms-layout-column wpforms-layout-column-50\"><\/div><\/div><div class=\"wpforms-layout-row\"><div class=\"wpforms-layout-column wpforms-layout-column-50\"><div id=\"wpforms-6675-field_26-container\" class=\"wpforms-field wpforms-field-hidden\" data-field-type=\"hidden\" data-field-id=\"26\"><input type=\"hidden\" id=\"wpforms-6675-field_26\" name=\"wpforms[fields][26]\" value=\"     \"><\/div><\/div><div class=\"wpforms-layout-column wpforms-layout-column-50\"><\/div><\/div><div class=\"wpforms-layout-row\"><div class=\"wpforms-layout-column wpforms-layout-column-50\"><div id=\"wpforms-6675-field_27-container\" class=\"wpforms-field wpforms-field-hidden\" data-field-type=\"hidden\" data-field-id=\"27\"><input type=\"hidden\" id=\"wpforms-6675-field_27\" name=\"wpforms[fields][27]\" value=\"{entry_user_journey}\"><\/div><\/div><div class=\"wpforms-layout-column wpforms-layout-column-50\"><\/div><\/div><div class=\"wpforms-layout-row\"><div class=\"wpforms-layout-column wpforms-layout-column-50\"><div id=\"wpforms-6675-field_32-container\" class=\"wpforms-field wpforms-field-hidden\" data-field-type=\"hidden\" data-field-id=\"32\"><input type=\"hidden\" id=\"wpforms-6675-field_32\" name=\"wpforms[fields][32]\" value=\"  \"><\/div><\/div><div class=\"wpforms-layout-column wpforms-layout-column-50\"><\/div><\/div><div class=\"wpforms-layout-row\"><div class=\"wpforms-layout-column wpforms-layout-column-50\"><div id=\"wpforms-6675-field_36-container\" class=\"wpforms-field wpforms-field-hidden\" data-field-type=\"hidden\" data-field-id=\"36\"><input type=\"hidden\" id=\"wpforms-6675-field_36\" name=\"wpforms[fields][36]\" value=\"\u00a0-\u00a0 \u00a0utm_campaign\tutm_content\tutm_term\tgclid\tfbclid\t\"><\/div><\/div><div class=\"wpforms-layout-column wpforms-layout-column-50\"><\/div><\/div><div class=\"wpforms-layout-row\"><div class=\"wpforms-layout-column wpforms-layout-column-50\"><div id=\"wpforms-6675-field_37-container\" class=\"wpforms-field wpforms-field-hidden\" data-field-type=\"hidden\" data-field-id=\"37\"><input type=\"hidden\" id=\"wpforms-6675-field_37\" name=\"wpforms[fields][37]\"><\/div><\/div><div class=\"wpforms-layout-column wpforms-layout-column-50\"><\/div><\/div><\/div><\/div><script>\n\t\t\t\t( function() {\n\t\t\t\t\tconst style = document.createElement( 'style' );\n\t\t\t\t\tstyle.appendChild( document.createTextNode( '#wpforms-6675-field_3-container { position: absolute !important; overflow: hidden !important; display: inline !important; height: 1px !important; width: 1px !important; z-index: -1000 !important; padding: 0 !important; } #wpforms-6675-field_3-container input { visibility: hidden; } #wpforms-conversational-form-page #wpforms-6675-field_3-container label { counter-increment: none; }' ) );\n\t\t\t\t\tdocument.head.appendChild( style );\n\t\t\t\t\tdocument.currentScript?.remove();\n\t\t\t\t} )();\n\t\t\t<\/script><\/div><!-- .wpforms-field-container --><div class=\"wpforms-recaptcha-container wpforms-is-recaptcha wpforms-is-recaptcha-type-v2\" ><div class=\"g-recaptcha\" data-sitekey=\"6LfBokYrAAAAAOv5cKUbpqSv5EZQIrEtNlUMORJ8\"><\/div><input type=\"text\" name=\"g-recaptcha-hidden\" class=\"wpforms-recaptcha-hidden\" style=\"position:absolute!important;clip:rect(0,0,0,0)!important;height:1px!important;width:1px!important;border:0!important;overflow:hidden!important;padding:0!important;margin:0!important;\" data-rule-recaptcha=\"1\"><\/div><div class=\"wpforms-submit-container\" ><input type=\"hidden\" name=\"wpforms[id]\" value=\"6675\"><input type=\"hidden\" name=\"page_title\" value=\"\"><input type=\"hidden\" name=\"page_url\" value=\"https:\/\/viagemalemanha.com\/es\/wp-json\/wp\/v2\/pages\/53818\"><input type=\"hidden\" name=\"url_referer\" value=\"\"><button type=\"submit\" name=\"wpforms[submit]\" id=\"wpforms-submit-6675\" class=\"wpforms-submit\" data-alt-text=\"Enviando....\" data-submit-text=\"Enviar\" aria-live=\"assertive\" value=\"wpforms-submit\">Enviar<\/button><\/div><\/form><\/div>  <!-- .wpforms-container --><\/div>\n<\/div>\n\n<p><\/p>\n","protected":false},"excerpt":{"rendered":"<p>P\u00f3ngase en contacto a trav\u00e9s de nuestro correo electr\u00f3nico:viagem@viagemalemanha.com<\/p>\n","protected":false},"author":1,"featured_media":0,"parent":0,"menu_order":0,"comment_status":"closed","ping_status":"closed","template":"","meta":{"_acf_changed":false,"tripadvisor_id":"","rating":0,"reviewer_name":"","review_date":"","trip_type":"","helpful_votes":0,"source_url":"","reviewer_gravatar":"","review_type":"","footnotes":""},"class_list":["post-53818","page","type-page","status-publish","hentry"],"acf":[],"_links":{"self":[{"href":"https:\/\/viagemalemanha.com\/es\/wp-json\/wp\/v2\/pages\/53818","targetHints":{"allow":["GET"]}}],"collection":[{"href":"https:\/\/viagemalemanha.com\/es\/wp-json\/wp\/v2\/pages"}],"about":[{"href":"https:\/\/viagemalemanha.com\/es\/wp-json\/wp\/v2\/types\/page"}],"author":[{"embeddable":true,"href":"https:\/\/viagemalemanha.com\/es\/wp-json\/wp\/v2\/users\/1"}],"replies":[{"embeddable":true,"href":"https:\/\/viagemalemanha.com\/es\/wp-json\/wp\/v2\/comments?post=53818"}],"version-history":[{"count":1,"href":"https:\/\/viagemalemanha.com\/es\/wp-json\/wp\/v2\/pages\/53818\/revisions"}],"predecessor-version":[{"id":53819,"href":"https:\/\/viagemalemanha.com\/es\/wp-json\/wp\/v2\/pages\/53818\/revisions\/53819"}],"wp:attachment":[{"href":"https:\/\/viagemalemanha.com\/es\/wp-json\/wp\/v2\/media?parent=53818"}],"curies":[{"name":"wp","href":"https:\/\/api.w.org\/{rel}","templated":true}]}}