{"id":53829,"date":"2025-04-23T16:46:27","date_gmt":"2025-04-23T19:46:27","guid":{"rendered":"https:\/\/viagemalemanha.com\/aviso-legal\/"},"modified":"2026-01-23T19:52:11","modified_gmt":"2026-01-23T22:52:11","slug":"aviso-legal","status":"publish","type":"page","link":"https:\/\/viagemalemanha.com\/es\/aviso-legal\/","title":{"rendered":"Aviso legal"},"content":{"rendered":"\n<div class=\"gb-element-e78f0d6f\">\n<div class=\"gb-element-01fcc9fa\">\n<p>Viagem Alemanha<\/p>\n\n\n\n<p>Propietaria: Rafaella Vilafranca Menezes<\/p>\n\n\n\n<p>Bei der Kirche 4 &#8211; Schloss H\u00fcrbel<\/p>\n\n\n\n<p>88484 Gutenzell-H\u00fcrbel (Baden-W\u00fcrttemberg)<\/p>\n\n\n\n<p>N\u00famero de tel\u00e9fono: 0049 152 2934 7941<\/p>\n\n\n\n<p>Correo electr\u00f3nico: contato(at)viagemalemanha.com<\/p>\n\n\n\n<p>USt-IdNr DE 281306341<\/p>\n\n\n\n<p>Fotos y v\u00eddeos de: archivo personal, Fotolia y Pixabay<\/p>\n<\/div>\n<\/div>\n","protected":false},"excerpt":{"rendered":"<p>Viagem Alemanha Propietaria: Rafaella Vilafranca Menezes Bei der Kirche 4 &#8211; Schloss H\u00fcrbel 88484 Gutenzell-H\u00fcrbel (Baden-W\u00fcrttemberg) N\u00famero de tel\u00e9fono: 0049 152 2934 7941 Correo electr\u00f3nico: contato(at)viagemalemanha.com USt-IdNr DE 281306341 Fotos y v\u00eddeos de: archivo personal, Fotolia y Pixabay<\/p>\n","protected":false},"author":1,"featured_media":0,"parent":0,"menu_order":0,"comment_status":"closed","ping_status":"closed","template":"","meta":{"_acf_changed":false,"tripadvisor_id":"","rating":0,"reviewer_name":"","review_date":"","trip_type":"","helpful_votes":0,"source_url":"","reviewer_gravatar":"","review_type":"","footnotes":""},"class_list":["post-53829","page","type-page","status-publish","hentry"],"acf":[],"_links":{"self":[{"href":"https:\/\/viagemalemanha.com\/es\/wp-json\/wp\/v2\/pages\/53829","targetHints":{"allow":["GET"]}}],"collection":[{"href":"https:\/\/viagemalemanha.com\/es\/wp-json\/wp\/v2\/pages"}],"about":[{"href":"https:\/\/viagemalemanha.com\/es\/wp-json\/wp\/v2\/types\/page"}],"author":[{"embeddable":true,"href":"https:\/\/viagemalemanha.com\/es\/wp-json\/wp\/v2\/users\/1"}],"replies":[{"embeddable":true,"href":"https:\/\/viagemalemanha.com\/es\/wp-json\/wp\/v2\/comments?post=53829"}],"version-history":[{"count":1,"href":"https:\/\/viagemalemanha.com\/es\/wp-json\/wp\/v2\/pages\/53829\/revisions"}],"predecessor-version":[{"id":53830,"href":"https:\/\/viagemalemanha.com\/es\/wp-json\/wp\/v2\/pages\/53829\/revisions\/53830"}],"wp:attachment":[{"href":"https:\/\/viagemalemanha.com\/es\/wp-json\/wp\/v2\/media?parent=53829"}],"curies":[{"name":"wp","href":"https:\/\/api.w.org\/{rel}","templated":true}]}}