{"id":53832,"date":"2025-02-26T23:26:41","date_gmt":"2025-02-27T02:26:41","guid":{"rendered":"https:\/\/viagemalemanha.com\/nuestra-filosofia\/"},"modified":"2026-02-01T00:49:42","modified_gmt":"2026-02-01T03:49:42","slug":"nuestra-filosofia","status":"publish","type":"page","link":"https:\/\/viagemalemanha.com\/es\/nuestra-filosofia\/","title":{"rendered":"Nuestra filosof\u00eda"},"content":{"rendered":"\n<div class=\"gb-element-61cf11bc\">\n<div class=\"gb-element-83babfc2\">\n<div class=\"gb-element-dbfb21ce\">\n<div class=\"wp-block-cover has-parallax wp-duotone-unset-1\"><div class=\"wp-block-cover__image-background wp-image-20808 size-large has-parallax\" style=\"background-position:50% 50%;background-image:url(https:\/\/viagemalemanha.com\/wp-content\/uploads\/2025\/12\/floresta-negra-fischerbach-viagem-alemanha-destinos-1024x681.jpg)\"><\/div><span aria-hidden=\"true\" class=\"wp-block-cover__background has-background-dim\"><\/span><div class=\"wp-block-cover__inner-container is-layout-flow wp-block-cover-is-layout-flow\">\n<p class=\"has-text-align-center has-white-color has-text-color\" style=\"font-size:32px\">M\u00e1s que viajar, es conocer y experimentar lugares y vivencias con el apoyo total de profesionales experimentados.<\/p>\n<\/div><\/div>\n<\/div>\n\n\n\n<p>En tiempos de redes sociales e IA en un mundo cada vez m\u00e1s digital y apresurado, es f\u00e1cil inventar personajes, copiar ideas y maquillar fotos.<\/p>\n\n\n\n<p>Y en medio de todo esto, \u00bfd\u00f3nde queda <em>nuestra esencia<\/em>, el contacto humano?<\/p>\n\n\n\n<p><br \/>Para el viajero, muchas promesas de facilidad est\u00e1n al alcance de un clic, pero la experiencia, la sensaci\u00f3n, es algo \u00fanico que solamente otras personas y los propios lugares pueden proporcionarle.<\/p>\n\n\n\n<p>Nuestra filosof\u00eda de trabajo y de vida<strong> es creer en el <em>valor del tiempo<\/em>, en las <em>relaciones humanas<\/em> y en la importancia del viaje como intercambio de conocimiento y de vivencias<\/strong>. Cada ser humano es \u00fanico, as\u00ed como cada lugar en este lindo planeta. <\/p>\n\n\n\n<p>M\u00e1s que n\u00fameros, im\u00e1genes y t\u00edtulos llamativos, <strong><em>nuestro trabajo est\u00e1 hecho de personas<\/em> que aman lo que hacen para personas que aman vivir y conocer.<\/strong><\/p>\n\n\n\n<p>Nosotros somos Rafa, Rapha y una red de personas experimentadas y dedicadas a servir lo mejor a nuestros viajeros.<\/p>\n\n\n\n<p>Si el tiempo y el conocimiento tambi\u00e9n le son preciosos, est\u00e1 en el lugar correcto. Ser\u00e1 un placer recibirle aqu\u00ed. <\/p>\n<\/div>\n<\/div>\n","protected":false},"excerpt":{"rendered":"<p>En tiempos de redes sociales e IA en un mundo cada vez m\u00e1s digital y apresurado, es f\u00e1cil inventar personajes, copiar ideas y maquillar fotos. Y en medio de todo esto, \u00bfd\u00f3nde queda nuestra esencia, el contacto humano? Para el viajero, muchas promesas de facilidad est\u00e1n al alcance de un clic, pero la experiencia, la [&hellip;]<\/p>\n","protected":false},"author":1,"featured_media":53794,"parent":0,"menu_order":0,"comment_status":"closed","ping_status":"closed","template":"","meta":{"_acf_changed":false,"tripadvisor_id":"","rating":0,"reviewer_name":"","review_date":"","trip_type":"","helpful_votes":0,"source_url":"","reviewer_gravatar":"","review_type":"","footnotes":""},"class_list":["post-53832","page","type-page","status-publish","has-post-thumbnail","hentry"],"acf":[],"_links":{"self":[{"href":"https:\/\/viagemalemanha.com\/es\/wp-json\/wp\/v2\/pages\/53832","targetHints":{"allow":["GET"]}}],"collection":[{"href":"https:\/\/viagemalemanha.com\/es\/wp-json\/wp\/v2\/pages"}],"about":[{"href":"https:\/\/viagemalemanha.com\/es\/wp-json\/wp\/v2\/types\/page"}],"author":[{"embeddable":true,"href":"https:\/\/viagemalemanha.com\/es\/wp-json\/wp\/v2\/users\/1"}],"replies":[{"embeddable":true,"href":"https:\/\/viagemalemanha.com\/es\/wp-json\/wp\/v2\/comments?post=53832"}],"version-history":[{"count":2,"href":"https:\/\/viagemalemanha.com\/es\/wp-json\/wp\/v2\/pages\/53832\/revisions"}],"predecessor-version":[{"id":64932,"href":"https:\/\/viagemalemanha.com\/es\/wp-json\/wp\/v2\/pages\/53832\/revisions\/64932"}],"wp:featuredmedia":[{"embeddable":true,"href":"https:\/\/viagemalemanha.com\/es\/wp-json\/wp\/v2\/media\/53794"}],"wp:attachment":[{"href":"https:\/\/viagemalemanha.com\/es\/wp-json\/wp\/v2\/media?parent=53832"}],"curies":[{"name":"wp","href":"https:\/\/api.w.org\/{rel}","templated":true}]}}