{"id":53903,"date":"2025-02-24T21:04:56","date_gmt":"2025-02-25T00:04:56","guid":{"rendered":"https:\/\/viagemalemanha.com\/politica-de-privacidad\/"},"modified":"2026-01-23T19:54:54","modified_gmt":"2026-01-23T22:54:54","slug":"politica-de-privacidad","status":"publish","type":"page","link":"https:\/\/viagemalemanha.com\/es\/politica-de-privacidad\/","title":{"rendered":"Pol\u00edtica de privacidad"},"content":{"rendered":"\n<div class=\"gb-element-d0dae4ca\">\n<div class=\"gb-element-1372b24e\">\n<p>De acuerdo con la nueva regulaci\u00f3n de la Uni\u00f3n Europea vigente en 2018 (y dado que nuestra empresa tiene aqu\u00ed su sede), esta es nuestra pol\u00edtica de privacidad y protecci\u00f3n de datos.<\/p>\n\n\n\n<h2 class=\"gb-text\"><strong>Sobre sus datos<\/strong><\/h2>\n\n\n\n<p>Sus datos de contacto se facilitan a trav\u00e9s de nuestro correo electr\u00f3nico o del formulario de contacto disponible en el sitio web, para facilitar el contacto y la comunicaci\u00f3n con nuestros viajeros.<\/p>\n\n\n\n<h2 class=\"gb-text\"><strong>Formulario de contacto<\/strong><\/h2>\n\n\n\n<p>En nuestro sitio web, ponemos a su disposici\u00f3n el formulario de primer contacto, a trav\u00e9s del servicio de plugin de WordPress. Los datos de contacto v\u00e1lidos son necesarios para que podamos ponernos en contacto con usted, y se mantienen en privacidad, no siendo transmitidos a terceros sin su autorizaci\u00f3n previa. Dichos datos informados a trav\u00e9s del formulario o correo electr\u00f3nico pueden ser eliminados, si as\u00ed lo desea, bastando con ponerse en contacto directamente con nosotros y hacer su solicitud.  <\/p>\n\n\n\n<p>Datos como el lugar de acceso y la IP se utilizan solo para el an\u00e1lisis del tr\u00e1fico de nuestro sitio web.<\/p>\n\n\n\n<h2 class=\"gb-text\"><strong>Comentarios<\/strong><\/h2>\n\n\n\n<p>Al dejar un comentario en una de nuestras p\u00e1ginas, se recogen los datos que usted rellena en el formulario, as\u00ed como la direcci\u00f3n IP y los datos del navegador utilizado. Tal funci\u00f3n tiene como objetivo identificarle (es decir, que no es un perfil falso) y tambi\u00e9n ayudar en la identificaci\u00f3n de posibles mensajes de spam. <\/p>\n\n\n\n<p>Una secuencia anonimizada de caracteres creada a partir de su correo electr\u00f3nico (tambi\u00e9n llamada hash) podr\u00e1 ser enviada a Gravatar para verificar si usted usa el servicio. La pol\u00edtica de privacidad de Gravatar est\u00e1 disponible aqu\u00ed: https:\/\/automattic.com\/privacy\/. Despu\u00e9s de la aprobaci\u00f3n de su comentario, la foto de su perfil queda visible p\u00fablicamente junto a su comentario. <\/p>\n\n\n\n<h2 class=\"gb-text\">Uso de cookies por otros sitios<\/h2>\n\n\n\n<p>Google y otros sitios (como Facebook) pueden enviar cookies a su navegador al acceder a nuestro sitio.<\/p>\n\n\n\n<p>Es posible desactivar la aceptaci\u00f3n de cookies en su navegador. Basta con acceder al men\u00fa de ayuda o a la configuraci\u00f3n de su navegador para desactivar esta funci\u00f3n. <\/p>\n\n\n\n<p>Al continuar usando nuestro sitio, usted acepta el env\u00edo de cookies a su navegador web y reconoce que al bloquearlos (configurando su navegador u otro m\u00e9todo) usted podr\u00e1 interferir con el funcionamiento adecuado del blog en su navegador web.<\/p>\n\n\n\n<h3 class=\"gb-text\">Newsletter<\/h3>\n\n\n\n<p>Puede solicitar participar o darse de baja espont\u00e1neamente de nuestra newsletter. Se recogen estad\u00edsticas de utilizaci\u00f3n de la lista de correo electr\u00f3nico, como la apertura de los correos electr\u00f3nicos y los clics. Mailchimp, empresa que utilizamos para gestionar nuestra lista de correos electr\u00f3nicos, posee tambi\u00e9n su propia pol\u00edtica de privacidad.  <\/p>\n\n\n\n<h3 class=\"gb-text\">Datos y an\u00e1lisis<\/h3>\n\n\n\n<p>Se registran datos sobre su visita \u2013 cosas como, pero no necesariamente limitadas a, momento de acceso, lugar de origen, p\u00e1ginas visitadas, tiempo gastado en el sitio. Estas estad\u00edsticas son an\u00f3nimas. No divulgamos datos particulares sobre accesos, pero podemos hablar en general \u2013 n\u00famero total de accesos, u origen de la mayor\u00eda de nuestras visitas, por ejemplo. Si no desea proporcionar estos datos, debe deshabilitar la aceptaci\u00f3n de cookies en su navegador, y usar un servicio para hacer que sus visitas sean an\u00f3nimas.   <\/p>\n\n\n\n<h3 class=\"gb-text\">Medios y enlaces<\/h3>\n\n\n\n<p>En nuestro sitio, puede haber medios incorporados como enlaces, im\u00e1genes, art\u00edculos, p\u00e1ginas. Los contenidos incorporados se comportan exactamente de la misma forma como si el visitante estuviera visitando el sitio fuente. <\/p>\n\n\n\n<p>Tales sitios pueden recoger datos sobre usted, usar cookies, incorporar rastreo adicional de terceros y monitorizar su interacci\u00f3n con este contenido incorporado, incluyendo su interacci\u00f3n con el contenido incorporado si usted tiene una cuenta y est\u00e1 conectado con el sitio.<\/p>\n\n\n\n<p>Al hacer clic en enlaces externos, usted es dirigido a otro sitio, con una pol\u00edtica de privacidad propia. No nos responsabilizamos por la pol\u00edtica de terceros. <\/p>\n\n\n\n<h2 class=\"gb-text\">Derechos sobre sus datos<\/h2>\n\n\n\n<p>Sus datos se mantienen en anonimato. No enviamos, compartimos, vendemos, proporcionamos sus correos electr\u00f3nicos y datos personales. Sin embargo, no es posible garantizar la privacidad o el sigilo en caso de que seamos requeridos legalmente a proporcionar los datos, y en caso de abuso o mala fe en el uso del sistema, agresiones o amenazas. Caso desee, podr\u00e1 solicitarnos directamente un documento indicando qu\u00e9 datos mantenemos sobre usted, as\u00ed como la exclusi\u00f3n de los mismos, excepto por los datos que estamos obligados a mantener para prop\u00f3sitos administrativos, legales o de seguridad.   <\/p>\n\n\n\n<h2 class=\"gb-text\">Nuestra informaci\u00f3n de contacto<\/h2>\n\n\n\n<p>Rafaella Vilafranca Menezes<\/p>\n\n\n\n<p>Bei der Kirche 4 &#8211; Schloss H\u00fcrbel<\/p>\n\n\n\n<p>88484 Gutenzell-H\u00fcrbel<\/p>\n\n\n\n<p>Baden W\u00fcrttemberg &#8211; Alemania<\/p>\n\n\n\n<p>contato at viagemalemanha.com<\/p>\n\n\n\n<p>0049 1522 9347 941<\/p>\n<\/div>\n<\/div>\n","protected":false},"excerpt":{"rendered":"<p>De acuerdo con la nueva regulaci\u00f3n de la Uni\u00f3n Europea vigente en 2018 (y dado que nuestra empresa tiene aqu\u00ed su sede), esta es nuestra pol\u00edtica de privacidad y protecci\u00f3n de datos. Sobre sus datos Sus datos de contacto se facilitan a trav\u00e9s de nuestro correo electr\u00f3nico o del formulario de contacto disponible en el [&hellip;]<\/p>\n","protected":false},"author":1,"featured_media":0,"parent":0,"menu_order":0,"comment_status":"closed","ping_status":"closed","template":"","meta":{"_acf_changed":false,"tripadvisor_id":"","rating":0,"reviewer_name":"","review_date":"","trip_type":"","helpful_votes":0,"source_url":"","reviewer_gravatar":"","review_type":"","footnotes":""},"class_list":["post-53903","page","type-page","status-publish","hentry"],"acf":[],"_links":{"self":[{"href":"https:\/\/viagemalemanha.com\/es\/wp-json\/wp\/v2\/pages\/53903","targetHints":{"allow":["GET"]}}],"collection":[{"href":"https:\/\/viagemalemanha.com\/es\/wp-json\/wp\/v2\/pages"}],"about":[{"href":"https:\/\/viagemalemanha.com\/es\/wp-json\/wp\/v2\/types\/page"}],"author":[{"embeddable":true,"href":"https:\/\/viagemalemanha.com\/es\/wp-json\/wp\/v2\/users\/1"}],"replies":[{"embeddable":true,"href":"https:\/\/viagemalemanha.com\/es\/wp-json\/wp\/v2\/comments?post=53903"}],"version-history":[{"count":1,"href":"https:\/\/viagemalemanha.com\/es\/wp-json\/wp\/v2\/pages\/53903\/revisions"}],"predecessor-version":[{"id":53904,"href":"https:\/\/viagemalemanha.com\/es\/wp-json\/wp\/v2\/pages\/53903\/revisions\/53904"}],"wp:attachment":[{"href":"https:\/\/viagemalemanha.com\/es\/wp-json\/wp\/v2\/media?parent=53903"}],"curies":[{"name":"wp","href":"https:\/\/api.w.org\/{rel}","templated":true}]}}